{"id":82231,"date":"2026-03-17T11:06:53","date_gmt":"2026-03-17T11:06:53","guid":{"rendered":"https:\/\/leitat.org\/?page_id=82231"},"modified":"2026-03-17T11:07:38","modified_gmt":"2026-03-17T11:07:38","slug":"rapport-devaluation-clauses-de-responsabilite","status":"publish","type":"page","link":"https:\/\/leitat.org\/en\/rapport-devaluation-clauses-de-responsabilite\/","title":{"rendered":"Rapport d&#8217;\u00c9valuation | Clauses de Responsabilit\u00e9"},"content":{"rendered":"\t\t<div data-elementor-type=\"wp-page\" data-elementor-id=\"82231\" class=\"elementor elementor-82231\" data-elementor-post-type=\"page\">\n\t\t\t\t<div class=\"elementor-element elementor-element-994c5c4 e-flex e-con-boxed e-con e-parent\" data-id=\"994c5c4\" data-element_type=\"container\" data-e-type=\"container\">\n\t\t\t\t\t<div class=\"e-con-inner\">\n\t\t\t\t<div class=\"elementor-element elementor-element-19785b9 elementor-widget elementor-widget-heading\" data-id=\"19785b9\" data-element_type=\"widget\" data-e-type=\"widget\" data-widget_type=\"heading.default\">\n\t\t\t\t<div class=\"elementor-widget-container\">\n\t\t\t\t\t<h2 class=\"elementor-heading-title elementor-size-default\">Rapport d'\u00c9valuation | Clauses de Responsabilit\u00e9<\/h2>\t\t\t\t<\/div>\n\t\t\t\t<\/div>\n\t\t\t\t\t<\/div>\n\t\t\t\t<\/div>\n\t\t<div class=\"elementor-element elementor-element-5cb1a3a e-flex e-con-boxed e-con e-parent\" data-id=\"5cb1a3a\" data-element_type=\"container\" data-e-type=\"container\">\n\t\t\t\t\t<div class=\"e-con-inner\">\n\t\t\t\t<div class=\"elementor-element elementor-element-586e932 elementor-widget elementor-widget-text-editor\" data-id=\"586e932\" data-element_type=\"widget\" data-e-type=\"widget\" data-widget_type=\"text-editor.default\">\n\t\t\t\t<div class=\"elementor-widget-container\">\n\t\t\t\t\t\t\t\t\t<p data-start=\"70\" data-end=\"224\"><strong data-start=\"70\" data-end=\"76\">a.<\/strong> Cet organisme ne peut en aucun cas \u00eatre tenu responsable de l\u2019interpr\u00e9tation ou de l\u2019usage inappropri\u00e9 qui pourrait \u00eatre fait des documents \u00e9mis.<\/p><p data-start=\"226\" data-end=\"619\"><strong data-start=\"226\" data-end=\"232\">b.<\/strong> Ce document ne fait foi que des \u00e9chantillons pr\u00e9sent\u00e9s pour essai ou analyse aupr\u00e8s de cet organisme, conform\u00e9ment aux normes et\/ou sp\u00e9cifications techniques exprim\u00e9es dans le rapport, limitant \u00e0 ces faits la responsabilit\u00e9 professionnelle et juridique de l\u2019organisme. Sauf pour les \u00e9chantillons pr\u00e9lev\u00e9s pour le contr\u00f4le interne de la production \u00e0 intervalles al\u00e9atoires (Module C2).<\/p><p data-start=\"621\" data-end=\"849\"><strong data-start=\"621\" data-end=\"627\">c.<\/strong> Sauf indication expresse, les \u00e9chantillons re\u00e7us ont \u00e9t\u00e9 librement choisis et envoy\u00e9s par le demandeur, sauf pour les \u00e9chantillons pr\u00e9lev\u00e9s pour le contr\u00f4le interne de la production \u00e0 intervalles al\u00e9atoires (Module C2).<\/p><p data-start=\"851\" data-end=\"996\"><strong data-start=\"851\" data-end=\"857\">d.<\/strong> Il incombe strictement au fabricant de fournir des informations pr\u00e9cises concernant ces documents et les niveaux de protection v\u00e9rifi\u00e9s.<\/p><p data-start=\"998\" data-end=\"1192\"><strong data-start=\"998\" data-end=\"1004\">e.<\/strong> L\u2019utilisation du num\u00e9ro d\u2019identification de cet OC est autoris\u00e9e exclusivement dans les documents pour lesquels le r\u00e8glement l\u2019exige (Brochure d\u2019Information et Documentation Technique).<\/p><p data-start=\"1194\" data-end=\"1366\"><strong data-start=\"1194\" data-end=\"1200\">f.<\/strong> Le demandeur doit cesser d\u2019utiliser la certification dans tout mat\u00e9riel publicitaire imm\u00e9diatement apr\u00e8s sa suspension, son retrait ou l\u2019expiration de sa validit\u00e9.<\/p><p data-start=\"1368\" data-end=\"1562\"><strong data-start=\"1368\" data-end=\"1374\">g.<\/strong> Sans pr\u00e9judice de ses obligations envers les autorit\u00e9s notifiantes, cet organisme notifi\u00e9 ne divulguera le contenu de ces documents, en tout ou en partie, qu\u2019avec l\u2019accord du fabricant.<\/p><p data-start=\"1564\" data-end=\"1726\"><strong data-start=\"1564\" data-end=\"1570\">h.<\/strong> Cet organisme n\u2019est pas responsable des informations incluses dans ce document qui auraient \u00e9t\u00e9 fournies par le demandeur et qui ne sont pas v\u00e9rifiables.<\/p><p data-start=\"1728\" data-end=\"2195\"><strong data-start=\"1728\" data-end=\"1734\">i.<\/strong> L\u2019impression de documents \u00e9mis au format num\u00e9rique sera consid\u00e9r\u00e9e comme une copie. Ce n\u2019est que si le client le demande express\u00e9ment que l\u2019organisme notifi\u00e9 pourra fournir une copie certifi\u00e9e, par signature manuscrite ou \u00e9lectronique authentifi\u00e9e. Les documents \u00e9mis au format papier, avec signatures manuscrites, seront consid\u00e9r\u00e9s comme originaux. De m\u00eame, seules les copies authentifi\u00e9es peuvent \u00eatre fournies si le client en fait express\u00e9ment la demande.<\/p><p data-start=\"2197\" data-end=\"2334\"><strong data-start=\"2197\" data-end=\"2203\">j.<\/strong> L\u2019organisme conserve cette documentation ainsi qu\u2019un \u00e9chantillon repr\u00e9sentatif de l\u2019EPI certifi\u00e9 pendant une p\u00e9riode de dix ans.<\/p><p data-start=\"2336\" data-end=\"2534\"><strong data-start=\"2336\" data-end=\"2342\">k.<\/strong> Toute r\u00e9clamation concernant les \u00e9chantillons doit \u00eatre faite dans le d\u00e9lai de conservation de ceux-ci, d\u00e9gageant l\u2019organisme de toute responsabilit\u00e9 en cas de non-respect par le demandeur.<\/p><p data-start=\"2536\" data-end=\"2801\"><strong data-start=\"2536\" data-end=\"2542\">l.<\/strong> DOCUMENT CONFIDENTIEL : Conform\u00e9ment aux termes convenus dans le document contractuel. La reproduction totale ou partielle, la modification ou l\u2019utilisation \u00e0 des fins publicitaires du contenu du pr\u00e9sent rapport est interdite sans l\u2019accord \u00e9crit de Leitat.<\/p>\t\t\t\t\t\t\t\t<\/div>\n\t\t\t\t<\/div>\n\t\t\t\t\t<\/div>\n\t\t\t\t<\/div>\n\t\t\t\t<\/div>\n\t\t","protected":false},"excerpt":{"rendered":"<p>Rapport d&#8217;\u00c9valuation | Clauses de Responsabilit\u00e9 a. Cet organisme ne peut en aucun cas \u00eatre tenu responsable de l\u2019interpr\u00e9tation ou de l\u2019usage inappropri\u00e9 qui pourrait \u00eatre fait des documents \u00e9mis. b. Ce document ne fait foi que des \u00e9chantillons pr\u00e9sent\u00e9s pour essai ou analyse aupr\u00e8s de cet organisme, conform\u00e9ment aux normes et\/ou sp\u00e9cifications techniques exprim\u00e9es [&hellip;]<\/p>\n","protected":false},"author":4,"featured_media":0,"parent":0,"menu_order":0,"comment_status":"closed","ping_status":"closed","template":"","meta":{"inline_featured_image":false,"footnotes":""},"class_list":["post-82231","page","type-page","status-publish","hentry"],"yoast_head":"<!-- This site is optimized with the Yoast SEO plugin v27.2 - https:\/\/yoast.com\/product\/yoast-seo-wordpress\/ -->\n<title>Rapport d&#039;\u00c9valuation | Clauses de Responsabilit\u00e9 - Leitat Technological Center<\/title>\n<meta name=\"robots\" content=\"index, follow, max-snippet:-1, max-image-preview:large, max-video-preview:-1\" \/>\n<meta property=\"og:locale\" content=\"en_US\" \/>\n<meta property=\"og:type\" content=\"article\" \/>\n<meta property=\"og:title\" content=\"Rapport d&#039;\u00c9valuation | Clauses de Responsabilit\u00e9 - Leitat Technological Center\" \/>\n<meta property=\"og:description\" content=\"Rapport d&#8217;\u00c9valuation | Clauses de Responsabilit\u00e9 a. Cet organisme ne peut en aucun cas \u00eatre tenu responsable de l\u2019interpr\u00e9tation ou de l\u2019usage inappropri\u00e9 qui pourrait \u00eatre fait des documents \u00e9mis. b. Ce document ne fait foi que des \u00e9chantillons pr\u00e9sent\u00e9s pour essai ou analyse aupr\u00e8s de cet organisme, conform\u00e9ment aux normes et\/ou sp\u00e9cifications techniques exprim\u00e9es [&hellip;]\" \/>\n<meta property=\"og:url\" content=\"https:\/\/leitat.org\/en\/rapport-devaluation-clauses-de-responsabilite\/\" \/>\n<meta property=\"og:site_name\" content=\"Leitat Technological Center\" \/>\n<meta property=\"article:modified_time\" content=\"2026-03-17T11:07:38+00:00\" \/>\n<meta name=\"twitter:card\" content=\"summary_large_image\" \/>\n<meta name=\"twitter:label1\" content=\"Est. reading time\" \/>\n\t<meta name=\"twitter:data1\" content=\"2 minutes\" \/>\n<script type=\"application\/ld+json\" class=\"yoast-schema-graph\">{\"@context\":\"https:\/\/schema.org\",\"@graph\":[{\"@type\":\"WebPage\",\"@id\":\"https:\/\/leitat.org\/en\/rapport-devaluation-clauses-de-responsabilite\/\",\"url\":\"https:\/\/leitat.org\/en\/rapport-devaluation-clauses-de-responsabilite\/\",\"name\":\"Rapport d'\u00c9valuation | Clauses de Responsabilit\u00e9 - Leitat Technological Center\",\"isPartOf\":{\"@id\":\"https:\/\/leitat.org\/en\/#website\"},\"datePublished\":\"2026-03-17T11:06:53+00:00\",\"dateModified\":\"2026-03-17T11:07:38+00:00\",\"breadcrumb\":{\"@id\":\"https:\/\/leitat.org\/en\/rapport-devaluation-clauses-de-responsabilite\/#breadcrumb\"},\"inLanguage\":\"en-US\",\"potentialAction\":[{\"@type\":\"ReadAction\",\"target\":[\"https:\/\/leitat.org\/en\/rapport-devaluation-clauses-de-responsabilite\/\"]}]},{\"@type\":\"BreadcrumbList\",\"@id\":\"https:\/\/leitat.org\/en\/rapport-devaluation-clauses-de-responsabilite\/#breadcrumb\",\"itemListElement\":[{\"@type\":\"ListItem\",\"position\":1,\"name\":\"HOME\",\"item\":\"https:\/\/leitat.org\/en\/home\/\"},{\"@type\":\"ListItem\",\"position\":2,\"name\":\"Rapport d&#8217;\u00c9valuation | Clauses de Responsabilit\u00e9\"}]},{\"@type\":\"WebSite\",\"@id\":\"https:\/\/leitat.org\/en\/#website\",\"url\":\"https:\/\/leitat.org\/en\/\",\"name\":\"Leitat Technological Center\",\"description\":\"Managing Technologies\",\"publisher\":{\"@id\":\"https:\/\/leitat.org\/en\/#organization\"},\"potentialAction\":[{\"@type\":\"SearchAction\",\"target\":{\"@type\":\"EntryPoint\",\"urlTemplate\":\"https:\/\/leitat.org\/en\/?s={search_term_string}\"},\"query-input\":{\"@type\":\"PropertyValueSpecification\",\"valueRequired\":true,\"valueName\":\"search_term_string\"}}],\"inLanguage\":\"en-US\"},{\"@type\":\"Organization\",\"@id\":\"https:\/\/leitat.org\/en\/#organization\",\"name\":\"Leitat Technological Center\",\"url\":\"https:\/\/leitat.org\/en\/\",\"logo\":{\"@type\":\"ImageObject\",\"inLanguage\":\"en-US\",\"@id\":\"https:\/\/leitat.org\/en\/#\/schema\/logo\/image\/\",\"url\":\"https:\/\/leitat.org\/wp-content\/uploads\/2024\/10\/logo-leitat.svg\",\"contentUrl\":\"https:\/\/leitat.org\/wp-content\/uploads\/2024\/10\/logo-leitat.svg\",\"width\":226,\"height\":78,\"caption\":\"Leitat Technological Center\"},\"image\":{\"@id\":\"https:\/\/leitat.org\/en\/#\/schema\/logo\/image\/\"}}]}<\/script>\n<!-- \/ Yoast SEO plugin. -->","yoast_head_json":{"title":"Rapport d'\u00c9valuation | Clauses de Responsabilit\u00e9 - Leitat Technological Center","robots":{"index":"index","follow":"follow","max-snippet":"max-snippet:-1","max-image-preview":"max-image-preview:large","max-video-preview":"max-video-preview:-1"},"og_locale":"en_US","og_type":"article","og_title":"Rapport d'\u00c9valuation | Clauses de Responsabilit\u00e9 - Leitat Technological Center","og_description":"Rapport d&#8217;\u00c9valuation | Clauses de Responsabilit\u00e9 a. Cet organisme ne peut en aucun cas \u00eatre tenu responsable de l\u2019interpr\u00e9tation ou de l\u2019usage inappropri\u00e9 qui pourrait \u00eatre fait des documents \u00e9mis. b. Ce document ne fait foi que des \u00e9chantillons pr\u00e9sent\u00e9s pour essai ou analyse aupr\u00e8s de cet organisme, conform\u00e9ment aux normes et\/ou sp\u00e9cifications techniques exprim\u00e9es [&hellip;]","og_url":"https:\/\/leitat.org\/en\/rapport-devaluation-clauses-de-responsabilite\/","og_site_name":"Leitat Technological Center","article_modified_time":"2026-03-17T11:07:38+00:00","twitter_card":"summary_large_image","twitter_misc":{"Est. reading time":"2 minutes"},"schema":{"@context":"https:\/\/schema.org","@graph":[{"@type":"WebPage","@id":"https:\/\/leitat.org\/en\/rapport-devaluation-clauses-de-responsabilite\/","url":"https:\/\/leitat.org\/en\/rapport-devaluation-clauses-de-responsabilite\/","name":"Rapport d'\u00c9valuation | Clauses de Responsabilit\u00e9 - Leitat Technological Center","isPartOf":{"@id":"https:\/\/leitat.org\/en\/#website"},"datePublished":"2026-03-17T11:06:53+00:00","dateModified":"2026-03-17T11:07:38+00:00","breadcrumb":{"@id":"https:\/\/leitat.org\/en\/rapport-devaluation-clauses-de-responsabilite\/#breadcrumb"},"inLanguage":"en-US","potentialAction":[{"@type":"ReadAction","target":["https:\/\/leitat.org\/en\/rapport-devaluation-clauses-de-responsabilite\/"]}]},{"@type":"BreadcrumbList","@id":"https:\/\/leitat.org\/en\/rapport-devaluation-clauses-de-responsabilite\/#breadcrumb","itemListElement":[{"@type":"ListItem","position":1,"name":"HOME","item":"https:\/\/leitat.org\/en\/home\/"},{"@type":"ListItem","position":2,"name":"Rapport d&#8217;\u00c9valuation | Clauses de Responsabilit\u00e9"}]},{"@type":"WebSite","@id":"https:\/\/leitat.org\/en\/#website","url":"https:\/\/leitat.org\/en\/","name":"Leitat Technological Center","description":"Managing Technologies","publisher":{"@id":"https:\/\/leitat.org\/en\/#organization"},"potentialAction":[{"@type":"SearchAction","target":{"@type":"EntryPoint","urlTemplate":"https:\/\/leitat.org\/en\/?s={search_term_string}"},"query-input":{"@type":"PropertyValueSpecification","valueRequired":true,"valueName":"search_term_string"}}],"inLanguage":"en-US"},{"@type":"Organization","@id":"https:\/\/leitat.org\/en\/#organization","name":"Leitat Technological Center","url":"https:\/\/leitat.org\/en\/","logo":{"@type":"ImageObject","inLanguage":"en-US","@id":"https:\/\/leitat.org\/en\/#\/schema\/logo\/image\/","url":"https:\/\/leitat.org\/wp-content\/uploads\/2024\/10\/logo-leitat.svg","contentUrl":"https:\/\/leitat.org\/wp-content\/uploads\/2024\/10\/logo-leitat.svg","width":226,"height":78,"caption":"Leitat Technological Center"},"image":{"@id":"https:\/\/leitat.org\/en\/#\/schema\/logo\/image\/"}}]}},"_links":{"self":[{"href":"https:\/\/leitat.org\/en\/wp-json\/wp\/v2\/pages\/82231","targetHints":{"allow":["GET"]}}],"collection":[{"href":"https:\/\/leitat.org\/en\/wp-json\/wp\/v2\/pages"}],"about":[{"href":"https:\/\/leitat.org\/en\/wp-json\/wp\/v2\/types\/page"}],"author":[{"embeddable":true,"href":"https:\/\/leitat.org\/en\/wp-json\/wp\/v2\/users\/4"}],"replies":[{"embeddable":true,"href":"https:\/\/leitat.org\/en\/wp-json\/wp\/v2\/comments?post=82231"}],"version-history":[{"count":4,"href":"https:\/\/leitat.org\/en\/wp-json\/wp\/v2\/pages\/82231\/revisions"}],"predecessor-version":[{"id":82235,"href":"https:\/\/leitat.org\/en\/wp-json\/wp\/v2\/pages\/82231\/revisions\/82235"}],"wp:attachment":[{"href":"https:\/\/leitat.org\/en\/wp-json\/wp\/v2\/media?parent=82231"}],"curies":[{"name":"wp","href":"https:\/\/api.w.org\/{rel}","templated":true}]}}