{"id":37261,"date":"2024-11-21T12:09:32","date_gmt":"2024-11-21T12:09:32","guid":{"rendered":"https:\/\/generic.leitat.org\/?page_id=37261"},"modified":"2025-09-24T14:30:32","modified_gmt":"2025-09-24T14:30:32","slug":"departamento-de-calidad","status":"publish","type":"page","link":"https:\/\/leitat.org\/es\/departamento-de-calidad\/","title":{"rendered":"Departamento de Calidad"},"content":{"rendered":"\t\t<div data-elementor-type=\"wp-page\" data-elementor-id=\"37261\" class=\"elementor elementor-37261\" data-elementor-post-type=\"page\">\n\t\t\t\t<div class=\"elementor-element elementor-element-f50c6af e-flex e-con-boxed elementor-invisible e-con e-parent\" data-id=\"f50c6af\" data-element_type=\"container\" data-e-type=\"container\" data-settings=\"{&quot;animation&quot;:&quot;fadeInUp&quot;}\">\n\t\t\t\t\t<div class=\"e-con-inner\">\n\t\t<div class=\"elementor-element elementor-element-7482a98 e-con-full e-flex elementor-invisible e-con e-child\" data-id=\"7482a98\" data-element_type=\"container\" data-e-type=\"container\" data-settings=\"{&quot;animation&quot;:&quot;fadeIn&quot;}\">\n\t\t<div class=\"elementor-element elementor-element-eca2d6d e-con-full e-flex elementor-invisible e-con e-child\" data-id=\"eca2d6d\" data-element_type=\"container\" data-e-type=\"container\" data-settings=\"{&quot;animation&quot;:&quot;fadeInUp&quot;}\">\n\t\t\t\t<div class=\"elementor-element elementor-element-23cd777 elementor-widget elementor-widget-image\" data-id=\"23cd777\" data-element_type=\"widget\" data-e-type=\"widget\" data-widget_type=\"image.default\">\n\t\t\t\t<div class=\"elementor-widget-container\">\n\t\t\t\t\t\t\t\t\t\t\t\t\t\t\t<img fetchpriority=\"high\" decoding=\"async\" width=\"800\" height=\"800\" src=\"https:\/\/leitat.org\/wp-content\/uploads\/2024\/11\/icono-leitat.svg\" class=\"attachment-large size-large wp-image-28029\" alt=\"\" \/>\t\t\t\t\t\t\t\t\t\t\t\t\t\t\t<\/div>\n\t\t\t\t<\/div>\n\t\t\t\t<div class=\"elementor-element elementor-element-5c1dbd2 elementor-widget__width-initial elementor-widget-mobile__width-initial elementor-widget elementor-widget-heading\" data-id=\"5c1dbd2\" data-element_type=\"widget\" data-e-type=\"widget\" data-widget_type=\"heading.default\">\n\t\t\t\t<div class=\"elementor-widget-container\">\n\t\t\t\t\t<h1 class=\"elementor-heading-title elementor-size-default\">Departamento de calidad<\/h1>\t\t\t\t<\/div>\n\t\t\t\t<\/div>\n\t\t\t\t<\/div>\n\t\t\t\t<\/div>\n\t\t\t\t\t<\/div>\n\t\t\t\t<\/div>\n\t\t<div class=\"elementor-element elementor-element-f708b1a e-flex e-con-boxed elementor-invisible e-con e-parent\" data-id=\"f708b1a\" data-element_type=\"container\" data-e-type=\"container\" data-settings=\"{&quot;animation&quot;:&quot;fadeInUp&quot;}\">\n\t\t\t\t\t<div class=\"e-con-inner\">\n\t\t<div class=\"elementor-element elementor-element-9d1d024 e-con-full e-flex e-con e-child\" data-id=\"9d1d024\" data-element_type=\"container\" data-e-type=\"container\">\n\t\t\t\t<div class=\"elementor-element elementor-element-2210200 elementor-widget elementor-widget-text-editor\" data-id=\"2210200\" data-element_type=\"widget\" data-e-type=\"widget\" data-widget_type=\"text-editor.default\">\n\t\t\t\t<div class=\"elementor-widget-container\">\n\t\t\t\t\t\t\t\t\t\n<div class=\"wpcf7 no-js\" id=\"wpcf7-f37263-o1\" lang=\"es-ES\" dir=\"ltr\" data-wpcf7-id=\"37263\">\n<div class=\"screen-reader-response\"><p role=\"status\" aria-live=\"polite\" aria-atomic=\"true\"><\/p> <ul><\/ul><\/div>\n<form action=\"\/es\/wp-json\/wp\/v2\/pages\/37261#wpcf7-f37263-o1\" method=\"post\" class=\"wpcf7-form init\" aria-label=\"Formulario de contacto\" enctype=\"multipart\/form-data\" novalidate=\"novalidate\" data-status=\"init\">\n<fieldset class=\"hidden-fields-container\"><input type=\"hidden\" name=\"_wpcf7\" value=\"37263\" \/><input type=\"hidden\" name=\"_wpcf7_version\" value=\"6.1.5\" \/><input type=\"hidden\" name=\"_wpcf7_locale\" value=\"es_ES\" \/><input type=\"hidden\" name=\"_wpcf7_unit_tag\" value=\"wpcf7-f37263-o1\" \/><input type=\"hidden\" name=\"_wpcf7_container_post\" value=\"0\" \/><input type=\"hidden\" name=\"_wpcf7_posted_data_hash\" value=\"\" \/><input type=\"hidden\" name=\"_wpcf7_recaptcha_response\" value=\"\" \/>\n<\/fieldset>\n<div class=\"uacf7-form-wrapper-container uacf7-form-37263  \"><div class=\"uacf7-row\">\n\t<div class=\"uacf7-col-6\"><span class=\"wpcf7-form-control-wrap\" data-name=\"nombre\"><input size=\"40\" maxlength=\"400\" class=\"wpcf7-form-control wpcf7-text wpcf7-validates-as-required\" aria-required=\"true\" aria-invalid=\"false\" placeholder=\"Nombre*\" value=\"\" type=\"text\" name=\"nombre\" \/><\/span><\/div>\n\t<div class=\"uacf7-col-6\"><span class=\"wpcf7-form-control-wrap\" data-name=\"apellidos\"><input size=\"40\" maxlength=\"400\" class=\"wpcf7-form-control wpcf7-text wpcf7-validates-as-required\" aria-required=\"true\" aria-invalid=\"false\" placeholder=\"Apellidos*\" value=\"\" type=\"text\" name=\"apellidos\" \/><\/span><\/div>\n<\/div>\n\n<div class=\"uacf7-row\">\n\t<div class=\"uacf7-col-6\"><span class=\"wpcf7-form-control-wrap\" data-name=\"email-contacto\"><input size=\"40\" maxlength=\"400\" class=\"wpcf7-form-control wpcf7-email wpcf7-validates-as-required wpcf7-text wpcf7-validates-as-email\" aria-required=\"true\" aria-invalid=\"false\" placeholder=\"Email de contacto*\" value=\"\" type=\"email\" name=\"email-contacto\" \/><\/span><\/div>\n\t<div class=\"uacf7-col-6\"><span class=\"wpcf7-form-control-wrap\" data-name=\"telefono\"><input size=\"40\" maxlength=\"400\" class=\"wpcf7-form-control wpcf7-tel wpcf7-text wpcf7-validates-as-tel\" aria-invalid=\"false\" placeholder=\"Tel\u00e9fono\" value=\"\" type=\"tel\" name=\"telefono\" \/><\/span><\/div>\n<\/div>\n\n<div class=\"uacf7-row\">\n\t<div class=\"uacf7-col-6\"><span class=\"wpcf7-form-control-wrap\" data-name=\"nombre-empresa\"><input size=\"40\" maxlength=\"400\" class=\"wpcf7-form-control wpcf7-text wpcf7-validates-as-required\" aria-required=\"true\" aria-invalid=\"false\" placeholder=\"Nombre de la empresa*\" value=\"\" type=\"text\" name=\"nombre-empresa\" \/><\/span><\/div>\n\t<div class=\"uacf7-col-6\"><span class=\"wpcf7-form-control-wrap\" data-name=\"cargo\"><input size=\"40\" maxlength=\"400\" class=\"wpcf7-form-control wpcf7-text\" aria-invalid=\"false\" placeholder=\"Cargo\" value=\"\" type=\"text\" name=\"cargo\" \/><\/span><\/div>\n<\/div>\n\n<div class=\"uacf7-row\">\n\t<div class=\"uacf7-col-12\"><span class=\"wpcf7-form-control-wrap\" data-name=\"exposicion\"><textarea cols=\"40\" rows=\"10\" maxlength=\"2000\" class=\"wpcf7-form-control wpcf7-textarea wpcf7-validates-as-required\" aria-required=\"true\" aria-invalid=\"false\" placeholder=\"Exposici\u00f3n de los hechos o disconformidad*\" name=\"exposicion\"><\/textarea><\/span><\/div>\n<\/div>\n\n<div class=\"uacf7-row\">\n\t<div class=\"uacf7-col-12\"><span class=\"wpcf7-form-control-wrap\" data-name=\"propuesta\"><textarea cols=\"40\" rows=\"10\" maxlength=\"2000\" class=\"wpcf7-form-control wpcf7-textarea wpcf7-validates-as-required\" aria-required=\"true\" aria-invalid=\"false\" placeholder=\"Ay\u00fadanos a mejorar e ind\u00edcanos tu propuesta*\" name=\"propuesta\"><\/textarea><\/span><\/div>\n<\/div>\n\n<div class=\"uacf7-row\">\n\t<div class=\"uacf7-col-12\"><label><b>Adjuntar archivos necesarios (PDF, m\u00e1x 10MB)<\/b> <span class=\"wpcf7-form-control-wrap\" data-name=\"docs\"><input size=\"40\" class=\"wpcf7-form-control wpcf7-file\" accept=\".pdf\" aria-invalid=\"false\" type=\"file\" name=\"docs\" \/><\/span><\/label><\/div>\n<\/div>\n\n<span class=\"wpcf7-form-control-wrap\" data-name=\"aceptacion-pp\"><span class=\"wpcf7-form-control wpcf7-acceptance\"><span class=\"wpcf7-list-item\"><label><input type=\"checkbox\" name=\"aceptacion-pp\" value=\"1\" aria-invalid=\"false\" \/><span class=\"wpcf7-list-item-label\">He le\u00eddo y acepto la <a href=\"https:\/\/leitat.org\/es\/politica-de-privacidad\" target=\"_blank\">Pol\u00edtica de Privacidad<\/a>.<\/span><\/label><\/span><\/span><\/span>\n\n<div class=\"uacf7-row\">\n\t<div class=\"uacf7-col-6\">\t\t<span class=\"wpcf7-form-control-wrap recaptcha\"\n\t\t\tdata-name=\"recaptcha\">\n\t\t\t<div class=\"uacf7_spam_recognation\" iso2=&quot;iso2&quot; protection-method=&quot;image_recognation&quot; aria-invalid=&quot;false&quot; name=&quot;recaptcha&quot; user-ip=&quot;216.73.217.68&quot;>\n\t\t\t\t\t\t\t\t\t\t<div id=\"image_recognation\">\n\t\t\t\t\t\t\t<div id=\"captcha_input_holder\">\n\t\t\t\t\t\t\t\t<div id=\"captcha\"><\/div> <button id=\"arithmathic_refresh\">\n\t\t\t\t\t\t\t\t\t<svg xmlns=\"http:\/\/www.w3.org\/2000\/svg\"\n\t\t\t\t\t\t\t\t\t\tviewBox=\"0 0 512 512\"><!--!Font Awesome Free 6.5.2 by @fontawesome - https:\/\/fontawesome.com License - https:\/\/fontawesome.com\/license\/free Copyright 2024 Fonticons, Inc.-->\n\t\t\t\t\t\t\t\t\t\t<path\n\t\t\t\t\t\t\t\t\t\t\td=\"M142.9 142.9c62.2-62.2 162.7-62.5 225.3-1L327 183c-6.9 6.9-8.9 17.2-5.2 26.2s12.5 14.8 22.2 14.8H463.5c0 0 0 0 0 0H472c13.3 0 24-10.7 24-24V72c0-9.7-5.8-18.5-14.8-22.2s-19.3-1.7-26.2 5.2L413.4 96.6c-87.6-86.5-228.7-86.2-315.8 1C73.2 122 55.6 150.7 44.8 181.4c-5.9 16.7 2.9 34.9 19.5 40.8s34.9-2.9 40.8-19.5c7.7-21.8 20.2-42.3 37.8-59.8zM16 312v7.6 .7V440c0 9.7 5.8 18.5 14.8 22.2s19.3 1.7 26.2-5.2l41.6-41.6c87.6 86.5 228.7 86.2 315.8-1c24.4-24.4 42.1-53.1 52.9-83.7c5.9-16.7-2.9-34.9-19.5-40.8s-34.9 2.9-40.8 19.5c-7.7 21.8-20.2 42.3-37.8 59.8c-62.2 62.2-162.7 62.5-225.3 1L185 329c6.9-6.9 8.9-17.2 5.2-26.2s-12.5-14.8-22.2-14.8H48.4h-.7H40c-13.3 0-24 10.7-24 24z\" \/>\n\t\t\t\t\t\t\t\t\t<\/svg>\n\t\t\t\t\t\t\t\t<\/button>\n\t\t\t\t\t\t\t\t<input type=\"text\" id=\"userInput\"\n\t\t\t\t\t\t\t\t\tplaceholder=\"Enter CAPTCHA answer\">\n\n\t\t\t\t\t\t\t<\/div>\n\t\t\t\t\t\t\t<div>\n\t\t\t\t\t\t\t<\/div>\n\t\t\t\t\t\t\t<div id=\"result\"><\/div>\n\t\t\t\t\t\t<\/div>\n\t\t\t\t\n\t\t\t<\/div>\n\t\t<\/span>\n\t\t<\/div>\n\t<div class=\"uacf7-col-6\"><\/div>\n<\/div>\n\n<input class=\"wpcf7-form-control wpcf7-submit has-spinner\" type=\"submit\" value=\"ENVIAR\" \/><\/div><div class=\"wpcf7-response-output\" aria-hidden=\"true\"><\/div>\n<\/form>\n<\/div>\n\t\t\t\t\t\t\t\t<\/div>\n\t\t\t\t<\/div>\n\t\t\t\t<\/div>\n\t\t<div class=\"elementor-element elementor-element-1decc09 e-con-full e-flex e-con e-child\" data-id=\"1decc09\" data-element_type=\"container\" data-e-type=\"container\" data-settings=\"{&quot;background_background&quot;:&quot;classic&quot;,&quot;sticky_offset&quot;:100,&quot;sticky_parent&quot;:&quot;yes&quot;,&quot;sticky&quot;:&quot;top&quot;,&quot;sticky_on&quot;:[&quot;desktop&quot;],&quot;sticky_effects_offset&quot;:0,&quot;sticky_anchor_link_offset&quot;:0}\">\n\t\t<div class=\"elementor-element elementor-element-00476dc e-con-full e-flex e-con e-child\" data-id=\"00476dc\" data-element_type=\"container\" data-e-type=\"container\" data-settings=\"{&quot;background_background&quot;:&quot;classic&quot;}\">\n\t\t<div class=\"elementor-element elementor-element-2aec5e6 e-con-full e-flex e-con e-child\" data-id=\"2aec5e6\" data-element_type=\"container\" data-e-type=\"container\">\n\t\t\t\t<div class=\"elementor-element elementor-element-9601437 elementor-widget elementor-widget-heading\" data-id=\"9601437\" data-element_type=\"widget\" data-e-type=\"widget\" data-widget_type=\"heading.default\">\n\t\t\t\t<div class=\"elementor-widget-container\">\n\t\t\t\t\t<h2 class=\"elementor-heading-title elementor-size-default\">Cont\u00e1ctanos<\/h2>\t\t\t\t<\/div>\n\t\t\t\t<\/div>\n\t\t\t\t<div class=\"elementor-element elementor-element-2f7362b elementor-widget elementor-widget-text-editor\" data-id=\"2f7362b\" data-element_type=\"widget\" data-e-type=\"widget\" data-widget_type=\"text-editor.default\">\n\t\t\t\t<div class=\"elementor-widget-container\">\n\t\t\t\t\t\t\t\t\t<p>Comparte con nosotros cualquier <b>queja <\/b>o <b>reclamaci\u00f3n <\/b>vinculada a nuestros servicios. O<strong>\u00a0apelaci\u00f3n<\/strong> sobre decisiones tomadas como Organismo de Certificaci\u00f3n\/Verificaci\u00f3n.<\/p><p>Nuestro equipo de Calidad, como parte no implicada, registrar\u00e1 e investigar\u00e1 lo sucedido con el departamento correspondiente y te facilitar\u00e1 una respuesta lo antes posible con la resoluci\u00f3n y acciones tomadas para tratarla.<\/p><p>Puedes solicitar nuestro Procedimiento de tratamiento de quejas y apelaciones (AT-PRO0055) a trav\u00e9s del correo electr\u00f3nico\u00a0<a class=\"fui-Link ___w5et180 f2hkw1w f3rmtva f1ewtqcl fyind8e f1k6fduh f1w7gpdv f1mo0ibp fjoy568 ff5ikls f1s184ao f1mk8lai fnbmjn9 f1o700av f13mvf36 f1cmlufx f9n3di6 f1ids18y f1tx3yz7 f1deo86v f1eh06m1 f1iescvh fhgqx19 f1olyrje f1p93eir f1nev41a\" tabindex=\"0\" href=\"mailto:calidad@leitat.org\" target=\"_blank\" rel=\"noopener\" data-tabster=\"{&quot;restorer&quot;:{&quot;type&quot;:1}}\">calidad@leitat.org<\/a>.<\/p><p>\u00a1Gracias!<\/p>\t\t\t\t\t\t\t\t<\/div>\n\t\t\t\t<\/div>\n\t\t\t\t<\/div>\n\t\t\t\t<\/div>\n\t\t\t\t<\/div>\n\t\t\t\t\t<\/div>\n\t\t\t\t<\/div>\n\t\t\t\t<\/div>\n\t\t","protected":false},"excerpt":{"rendered":"<p>Departamento de calidad Cont\u00e1ctanos Comparte con nosotros cualquier queja o reclamaci\u00f3n vinculada a nuestros servicios. O\u00a0apelaci\u00f3n sobre decisiones tomadas como Organismo de Certificaci\u00f3n\/Verificaci\u00f3n. Nuestro equipo de Calidad, como parte no implicada, registrar\u00e1 e investigar\u00e1 lo sucedido con el departamento correspondiente y te facilitar\u00e1 una respuesta lo antes posible con la resoluci\u00f3n y acciones tomadas para [&hellip;]<\/p>\n","protected":false},"author":2,"featured_media":0,"parent":0,"menu_order":0,"comment_status":"closed","ping_status":"closed","template":"","meta":{"inline_featured_image":false,"footnotes":""},"class_list":["post-37261","page","type-page","status-publish","hentry"],"yoast_head":"<!-- This site is optimized with the Yoast SEO plugin v27.2 - https:\/\/yoast.com\/product\/yoast-seo-wordpress\/ -->\n<title>Departamento de Calidad - Leitat Technological Center<\/title>\n<meta name=\"robots\" content=\"index, follow, max-snippet:-1, max-image-preview:large, max-video-preview:-1\" \/>\n<meta property=\"og:locale\" content=\"es_ES\" \/>\n<meta property=\"og:type\" content=\"article\" \/>\n<meta property=\"og:title\" content=\"Departamento de Calidad - Leitat Technological Center\" \/>\n<meta property=\"og:description\" content=\"Departamento de calidad Cont\u00e1ctanos Comparte con nosotros cualquier queja o reclamaci\u00f3n vinculada a nuestros servicios. O\u00a0apelaci\u00f3n sobre decisiones tomadas como Organismo de Certificaci\u00f3n\/Verificaci\u00f3n. Nuestro equipo de Calidad, como parte no implicada, registrar\u00e1 e investigar\u00e1 lo sucedido con el departamento correspondiente y te facilitar\u00e1 una respuesta lo antes posible con la resoluci\u00f3n y acciones tomadas para [&hellip;]\" \/>\n<meta property=\"og:url\" content=\"https:\/\/leitat.org\/es\/departamento-de-calidad\/\" \/>\n<meta property=\"og:site_name\" content=\"Leitat Technological Center\" \/>\n<meta property=\"article:modified_time\" content=\"2025-09-24T14:30:32+00:00\" \/>\n<meta name=\"twitter:card\" content=\"summary_large_image\" \/>\n<meta name=\"twitter:label1\" content=\"Tiempo de lectura\" \/>\n\t<meta name=\"twitter:data1\" content=\"1 minuto\" \/>\n<script type=\"application\/ld+json\" class=\"yoast-schema-graph\">{\"@context\":\"https:\/\/schema.org\",\"@graph\":[{\"@type\":\"WebPage\",\"@id\":\"https:\/\/leitat.org\/es\/departamento-de-calidad\/\",\"url\":\"https:\/\/leitat.org\/es\/departamento-de-calidad\/\",\"name\":\"Departamento de Calidad - Leitat Technological Center\",\"isPartOf\":{\"@id\":\"https:\/\/leitat.org\/es\/#website\"},\"primaryImageOfPage\":{\"@id\":\"https:\/\/leitat.org\/es\/departamento-de-calidad\/#primaryimage\"},\"image\":{\"@id\":\"https:\/\/leitat.org\/es\/departamento-de-calidad\/#primaryimage\"},\"thumbnailUrl\":\"https:\/\/leitat.org\/wp-content\/uploads\/2024\/11\/icono-leitat.svg\",\"datePublished\":\"2024-11-21T12:09:32+00:00\",\"dateModified\":\"2025-09-24T14:30:32+00:00\",\"breadcrumb\":{\"@id\":\"https:\/\/leitat.org\/es\/departamento-de-calidad\/#breadcrumb\"},\"inLanguage\":\"es\",\"potentialAction\":[{\"@type\":\"ReadAction\",\"target\":[\"https:\/\/leitat.org\/es\/departamento-de-calidad\/\"]}]},{\"@type\":\"ImageObject\",\"inLanguage\":\"es\",\"@id\":\"https:\/\/leitat.org\/es\/departamento-de-calidad\/#primaryimage\",\"url\":\"https:\/\/leitat.org\/wp-content\/uploads\/2024\/11\/icono-leitat.svg\",\"contentUrl\":\"https:\/\/leitat.org\/wp-content\/uploads\/2024\/11\/icono-leitat.svg\"},{\"@type\":\"BreadcrumbList\",\"@id\":\"https:\/\/leitat.org\/es\/departamento-de-calidad\/#breadcrumb\",\"itemListElement\":[{\"@type\":\"ListItem\",\"position\":1,\"name\":\"HOME\",\"item\":\"https:\/\/leitat.org\/es\/home\/\"},{\"@type\":\"ListItem\",\"position\":2,\"name\":\"Departamento de Calidad\"}]},{\"@type\":\"WebSite\",\"@id\":\"https:\/\/leitat.org\/es\/#website\",\"url\":\"https:\/\/leitat.org\/es\/\",\"name\":\"Leitat Technological Center\",\"description\":\"Managing Technologies\",\"publisher\":{\"@id\":\"https:\/\/leitat.org\/es\/#organization\"},\"potentialAction\":[{\"@type\":\"SearchAction\",\"target\":{\"@type\":\"EntryPoint\",\"urlTemplate\":\"https:\/\/leitat.org\/es\/?s={search_term_string}\"},\"query-input\":{\"@type\":\"PropertyValueSpecification\",\"valueRequired\":true,\"valueName\":\"search_term_string\"}}],\"inLanguage\":\"es\"},{\"@type\":\"Organization\",\"@id\":\"https:\/\/leitat.org\/es\/#organization\",\"name\":\"Leitat Technological Center\",\"url\":\"https:\/\/leitat.org\/es\/\",\"logo\":{\"@type\":\"ImageObject\",\"inLanguage\":\"es\",\"@id\":\"https:\/\/leitat.org\/es\/#\/schema\/logo\/image\/\",\"url\":\"https:\/\/leitat.org\/wp-content\/uploads\/2024\/10\/logo-leitat.svg\",\"contentUrl\":\"https:\/\/leitat.org\/wp-content\/uploads\/2024\/10\/logo-leitat.svg\",\"width\":226,\"height\":78,\"caption\":\"Leitat Technological Center\"},\"image\":{\"@id\":\"https:\/\/leitat.org\/es\/#\/schema\/logo\/image\/\"}}]}<\/script>\n<!-- \/ Yoast SEO plugin. -->","yoast_head_json":{"title":"Departamento de Calidad - Leitat Technological Center","robots":{"index":"index","follow":"follow","max-snippet":"max-snippet:-1","max-image-preview":"max-image-preview:large","max-video-preview":"max-video-preview:-1"},"og_locale":"es_ES","og_type":"article","og_title":"Departamento de Calidad - Leitat Technological Center","og_description":"Departamento de calidad Cont\u00e1ctanos Comparte con nosotros cualquier queja o reclamaci\u00f3n vinculada a nuestros servicios. O\u00a0apelaci\u00f3n sobre decisiones tomadas como Organismo de Certificaci\u00f3n\/Verificaci\u00f3n. Nuestro equipo de Calidad, como parte no implicada, registrar\u00e1 e investigar\u00e1 lo sucedido con el departamento correspondiente y te facilitar\u00e1 una respuesta lo antes posible con la resoluci\u00f3n y acciones tomadas para [&hellip;]","og_url":"https:\/\/leitat.org\/es\/departamento-de-calidad\/","og_site_name":"Leitat Technological Center","article_modified_time":"2025-09-24T14:30:32+00:00","twitter_card":"summary_large_image","twitter_misc":{"Tiempo de lectura":"1 minuto"},"schema":{"@context":"https:\/\/schema.org","@graph":[{"@type":"WebPage","@id":"https:\/\/leitat.org\/es\/departamento-de-calidad\/","url":"https:\/\/leitat.org\/es\/departamento-de-calidad\/","name":"Departamento de Calidad - Leitat Technological Center","isPartOf":{"@id":"https:\/\/leitat.org\/es\/#website"},"primaryImageOfPage":{"@id":"https:\/\/leitat.org\/es\/departamento-de-calidad\/#primaryimage"},"image":{"@id":"https:\/\/leitat.org\/es\/departamento-de-calidad\/#primaryimage"},"thumbnailUrl":"https:\/\/leitat.org\/wp-content\/uploads\/2024\/11\/icono-leitat.svg","datePublished":"2024-11-21T12:09:32+00:00","dateModified":"2025-09-24T14:30:32+00:00","breadcrumb":{"@id":"https:\/\/leitat.org\/es\/departamento-de-calidad\/#breadcrumb"},"inLanguage":"es","potentialAction":[{"@type":"ReadAction","target":["https:\/\/leitat.org\/es\/departamento-de-calidad\/"]}]},{"@type":"ImageObject","inLanguage":"es","@id":"https:\/\/leitat.org\/es\/departamento-de-calidad\/#primaryimage","url":"https:\/\/leitat.org\/wp-content\/uploads\/2024\/11\/icono-leitat.svg","contentUrl":"https:\/\/leitat.org\/wp-content\/uploads\/2024\/11\/icono-leitat.svg"},{"@type":"BreadcrumbList","@id":"https:\/\/leitat.org\/es\/departamento-de-calidad\/#breadcrumb","itemListElement":[{"@type":"ListItem","position":1,"name":"HOME","item":"https:\/\/leitat.org\/es\/home\/"},{"@type":"ListItem","position":2,"name":"Departamento de Calidad"}]},{"@type":"WebSite","@id":"https:\/\/leitat.org\/es\/#website","url":"https:\/\/leitat.org\/es\/","name":"Leitat Technological Center","description":"Managing Technologies","publisher":{"@id":"https:\/\/leitat.org\/es\/#organization"},"potentialAction":[{"@type":"SearchAction","target":{"@type":"EntryPoint","urlTemplate":"https:\/\/leitat.org\/es\/?s={search_term_string}"},"query-input":{"@type":"PropertyValueSpecification","valueRequired":true,"valueName":"search_term_string"}}],"inLanguage":"es"},{"@type":"Organization","@id":"https:\/\/leitat.org\/es\/#organization","name":"Leitat Technological Center","url":"https:\/\/leitat.org\/es\/","logo":{"@type":"ImageObject","inLanguage":"es","@id":"https:\/\/leitat.org\/es\/#\/schema\/logo\/image\/","url":"https:\/\/leitat.org\/wp-content\/uploads\/2024\/10\/logo-leitat.svg","contentUrl":"https:\/\/leitat.org\/wp-content\/uploads\/2024\/10\/logo-leitat.svg","width":226,"height":78,"caption":"Leitat Technological Center"},"image":{"@id":"https:\/\/leitat.org\/es\/#\/schema\/logo\/image\/"}}]}},"_links":{"self":[{"href":"https:\/\/leitat.org\/es\/wp-json\/wp\/v2\/pages\/37261","targetHints":{"allow":["GET"]}}],"collection":[{"href":"https:\/\/leitat.org\/es\/wp-json\/wp\/v2\/pages"}],"about":[{"href":"https:\/\/leitat.org\/es\/wp-json\/wp\/v2\/types\/page"}],"author":[{"embeddable":true,"href":"https:\/\/leitat.org\/es\/wp-json\/wp\/v2\/users\/2"}],"replies":[{"embeddable":true,"href":"https:\/\/leitat.org\/es\/wp-json\/wp\/v2\/comments?post=37261"}],"version-history":[{"count":38,"href":"https:\/\/leitat.org\/es\/wp-json\/wp\/v2\/pages\/37261\/revisions"}],"predecessor-version":[{"id":73682,"href":"https:\/\/leitat.org\/es\/wp-json\/wp\/v2\/pages\/37261\/revisions\/73682"}],"wp:attachment":[{"href":"https:\/\/leitat.org\/es\/wp-json\/wp\/v2\/media?parent=37261"}],"curies":[{"name":"wp","href":"https:\/\/api.w.org\/{rel}","templated":true}]}}