{"id":39106,"date":"2024-11-28T15:56:47","date_gmt":"2024-11-28T15:56:47","guid":{"rendered":"https:\/\/generic.leitat.org\/?page_id=39106"},"modified":"2026-01-08T14:33:50","modified_gmt":"2026-01-08T14:33:50","slug":"homologaciones-fia","status":"publish","type":"page","link":"https:\/\/leitat.org\/es\/homologaciones-fia\/","title":{"rendered":"Servicios &#8211; Homologaciones FIA"},"content":{"rendered":"\t\t<div data-elementor-type=\"wp-page\" data-elementor-id=\"39106\" class=\"elementor elementor-39106\" data-elementor-post-type=\"page\">\n\t\t\t\t<div class=\"elementor-element elementor-element-3e0a43c e-con-full elementor-hidden-mobile e-flex elementor-invisible e-con e-parent\" data-id=\"3e0a43c\" data-element_type=\"container\" data-e-type=\"container\" data-settings=\"{&quot;background_background&quot;:&quot;classic&quot;,&quot;animation&quot;:&quot;fadeIn&quot;}\">\n\t\t<div class=\"elementor-element elementor-element-ab14d91 e-flex e-con-boxed e-con e-child\" data-id=\"ab14d91\" data-element_type=\"container\" data-e-type=\"container\">\n\t\t\t\t\t<div class=\"e-con-inner\">\n\t\t<div class=\"elementor-element elementor-element-6ea5e7f e-con-full e-flex elementor-invisible e-con e-child\" data-id=\"6ea5e7f\" data-element_type=\"container\" data-e-type=\"container\" data-settings=\"{&quot;animation&quot;:&quot;fadeInLeft&quot;}\">\n\t\t<div class=\"elementor-element elementor-element-1e21dbb e-con-full e-flex e-con e-child\" data-id=\"1e21dbb\" data-element_type=\"container\" data-e-type=\"container\" data-settings=\"{&quot;background_background&quot;:&quot;classic&quot;}\">\n\t\t\t\t<div class=\"elementor-element elementor-element-7def8e1 elementor-widget elementor-widget-image\" data-id=\"7def8e1\" data-element_type=\"widget\" data-e-type=\"widget\" data-widget_type=\"image.default\">\n\t\t\t\t<div class=\"elementor-widget-container\">\n\t\t\t\t\t\t\t\t\t\t\t\t\t\t\t<img fetchpriority=\"high\" decoding=\"async\" width=\"800\" height=\"800\" src=\"https:\/\/leitat.org\/wp-content\/uploads\/2024\/12\/bg-header-white-triangle.svg\" class=\"attachment-large size-large wp-image-43272\" alt=\"\" \/>\t\t\t\t\t\t\t\t\t\t\t\t\t\t\t<\/div>\n\t\t\t\t<\/div>\n\t\t\t\t<\/div>\n\t\t<div class=\"elementor-element elementor-element-da480d7 e-con-full e-flex e-con e-child\" data-id=\"da480d7\" data-element_type=\"container\" data-e-type=\"container\" data-settings=\"{&quot;background_background&quot;:&quot;classic&quot;}\">\n\t\t<div class=\"elementor-element elementor-element-3e2b113 e-con-full e-flex e-con e-child\" data-id=\"3e2b113\" data-element_type=\"container\" data-e-type=\"container\">\n\t\t\t\t<div class=\"elementor-element elementor-element-41d67b4 elementor-invisible elementor-widget elementor-widget-heading\" data-id=\"41d67b4\" data-element_type=\"widget\" data-e-type=\"widget\" data-settings=\"{&quot;_animation&quot;:&quot;fadeIn&quot;}\" data-widget_type=\"heading.default\">\n\t\t\t\t<div class=\"elementor-widget-container\">\n\t\t\t\t\t<p class=\"elementor-heading-title elementor-size-default\">servicios<\/p>\t\t\t\t<\/div>\n\t\t\t\t<\/div>\n\t\t\t\t<div class=\"elementor-element elementor-element-90ff6bd animated-fast elementor-widget-tablet__width-initial elementor-widget__width-initial elementor-invisible elementor-widget elementor-widget-heading\" data-id=\"90ff6bd\" data-element_type=\"widget\" data-e-type=\"widget\" data-settings=\"{&quot;_animation&quot;:&quot;fadeInUp&quot;,&quot;_animation_delay&quot;:500}\" data-widget_type=\"heading.default\">\n\t\t\t\t<div class=\"elementor-widget-container\">\n\t\t\t\t\t<h1 class=\"elementor-heading-title elementor-size-default\">Homologaciones FIA<\/h1>\t\t\t\t<\/div>\n\t\t\t\t<\/div>\n\t\t<div class=\"elementor-element elementor-element-7d79375 e-con-full e-flex e-con e-child\" data-id=\"7d79375\" data-element_type=\"container\" data-e-type=\"container\">\n\t\t<div class=\"elementor-element elementor-element-72796b3 e-con-full e-flex e-con e-child\" data-id=\"72796b3\" data-element_type=\"container\" data-e-type=\"container\">\n\t\t\t\t<div class=\"elementor-element elementor-element-3090067 elementor-invisible elementor-widget elementor-widget-image\" data-id=\"3090067\" data-element_type=\"widget\" data-e-type=\"widget\" data-settings=\"{&quot;_animation&quot;:&quot;fadeIn&quot;,&quot;_animation_delay&quot;:700}\" data-widget_type=\"image.default\">\n\t\t\t\t<div class=\"elementor-widget-container\">\n\t\t\t\t\t\t\t\t\t\t\t\t\t\t\t<img decoding=\"async\" width=\"800\" height=\"800\" src=\"https:\/\/leitat.org\/wp-content\/uploads\/2024\/11\/line-1.svg\" class=\"attachment-large size-large wp-image-30222\" alt=\"\" \/>\t\t\t\t\t\t\t\t\t\t\t\t\t\t\t<\/div>\n\t\t\t\t<\/div>\n\t\t\t\t<\/div>\n\t\t\t\t<div class=\"elementor-element elementor-element-425fde0 elementor-widget-tablet__width-initial elementor-widget-mobile__width-initial elementor-invisible elementor-widget elementor-widget-text-editor\" data-id=\"425fde0\" data-element_type=\"widget\" data-e-type=\"widget\" data-settings=\"{&quot;_animation_delay&quot;:500,&quot;_animation&quot;:&quot;fadeInUp&quot;}\" data-widget_type=\"text-editor.default\">\n\t\t\t\t<div class=\"elementor-widget-container\">\n\t\t\t\t\t\t\t\t\t<p>Leitat es un laboratorio acreditado por la FIA para evaluar y homologar ropa de protecci\u00f3n para pilotos seg\u00fan la normativa FIA 8856-2018, siendo el \u00fanico en Espa\u00f1a y uno de los pocos en Europa con esta capacidad.<\/p>\t\t\t\t\t\t\t\t<\/div>\n\t\t\t\t<\/div>\n\t\t\t\t<\/div>\n\t\t\t\t<\/div>\n\t\t\t\t<\/div>\n\t\t\t\t<\/div>\n\t\t\t\t\t<\/div>\n\t\t\t\t<\/div>\n\t\t\t\t<\/div>\n\t\t<div class=\"elementor-element elementor-element-7ba6d99 e-con-full elementor-hidden-desktop elementor-hidden-tablet e-flex elementor-invisible e-con e-parent\" data-id=\"7ba6d99\" data-element_type=\"container\" data-e-type=\"container\" data-settings=\"{&quot;background_background&quot;:&quot;classic&quot;,&quot;animation&quot;:&quot;fadeIn&quot;,&quot;animation_mobile&quot;:&quot;fadeInUp&quot;}\">\n\t\t<div class=\"elementor-element elementor-element-2bab2c5 e-flex e-con-boxed e-con e-child\" data-id=\"2bab2c5\" data-element_type=\"container\" data-e-type=\"container\">\n\t\t\t\t\t<div class=\"e-con-inner\">\n\t\t\t\t<div class=\"elementor-element elementor-element-c084b92 elementor-invisible elementor-widget elementor-widget-heading\" data-id=\"c084b92\" data-element_type=\"widget\" data-e-type=\"widget\" data-settings=\"{&quot;_animation&quot;:&quot;fadeIn&quot;,&quot;_animation_mobile&quot;:&quot;fadeInUp&quot;}\" data-widget_type=\"heading.default\">\n\t\t\t\t<div class=\"elementor-widget-container\">\n\t\t\t\t\t<p class=\"elementor-heading-title elementor-size-default\">servicios<\/p>\t\t\t\t<\/div>\n\t\t\t\t<\/div>\n\t\t\t\t<div class=\"elementor-element elementor-element-3716a7b animated-fast elementor-widget-tablet__width-initial elementor-invisible elementor-widget elementor-widget-heading\" data-id=\"3716a7b\" data-element_type=\"widget\" data-e-type=\"widget\" data-settings=\"{&quot;_animation&quot;:&quot;fadeInUp&quot;,&quot;_animation_delay&quot;:500}\" data-widget_type=\"heading.default\">\n\t\t\t\t<div class=\"elementor-widget-container\">\n\t\t\t\t\t<h1 class=\"elementor-heading-title elementor-size-default\">Homologaciones FIA<\/h1>\t\t\t\t<\/div>\n\t\t\t\t<\/div>\n\t\t\t\t\t<\/div>\n\t\t\t\t<\/div>\n\t\t\t\t<\/div>\n\t\t<div class=\"elementor-element elementor-element-fc7d0d3 elementor-hidden-desktop elementor-hidden-tablet e-flex e-con-boxed e-con e-parent\" data-id=\"fc7d0d3\" data-element_type=\"container\" data-e-type=\"container\" data-settings=\"{&quot;animation_mobile&quot;:&quot;fadeInUp&quot;}\">\n\t\t\t\t\t<div class=\"e-con-inner\">\n\t\t\t\t<div class=\"elementor-element elementor-element-bd6c1c2 elementor-widget-tablet__width-initial elementor-widget-mobile__width-initial elementor-invisible elementor-widget elementor-widget-text-editor\" data-id=\"bd6c1c2\" data-element_type=\"widget\" data-e-type=\"widget\" data-settings=\"{&quot;_animation&quot;:&quot;fadeInUp&quot;,&quot;_animation_mobile&quot;:&quot;fadeIn&quot;,&quot;_animation_delay&quot;:500}\" data-widget_type=\"text-editor.default\">\n\t\t\t\t<div class=\"elementor-widget-container\">\n\t\t\t\t\t\t\t\t\tLeitat es un laboratorio acreditado por la FIA para evaluar y homologar ropa de protecci\u00f3n para pilotos seg\u00fan la normativa FIA 8856-2018, siendo el \u00fanico en Espa\u00f1a y uno de los pocos en Europa con esta capacidad.\t\t\t\t\t\t\t\t<\/div>\n\t\t\t\t<\/div>\n\t\t\t\t\t<\/div>\n\t\t\t\t<\/div>\n\t\t<div class=\"elementor-element elementor-element-4608443 e-flex e-con-boxed elementor-invisible e-con e-parent\" data-id=\"4608443\" data-element_type=\"container\" data-e-type=\"container\" data-settings=\"{&quot;animation&quot;:&quot;fadeInUp&quot;}\">\n\t\t\t\t\t<div class=\"e-con-inner\">\n\t\t<div class=\"elementor-element elementor-element-92c7359 e-con-full e-flex e-con e-child\" data-id=\"92c7359\" data-element_type=\"container\" data-e-type=\"container\">\n\t\t<div class=\"elementor-element elementor-element-91f4075 e-con-full e-flex e-con e-child\" data-id=\"91f4075\" data-element_type=\"container\" data-e-type=\"container\">\n\t\t\t\t<div class=\"elementor-element elementor-element-e7b9116 elementor-widget elementor-widget-image\" data-id=\"e7b9116\" data-element_type=\"widget\" data-e-type=\"widget\" data-widget_type=\"image.default\">\n\t\t\t\t<div class=\"elementor-widget-container\">\n\t\t\t\t\t\t\t\t\t\t\t\t\t\t\t<img decoding=\"async\" width=\"800\" height=\"800\" src=\"https:\/\/leitat.org\/wp-content\/uploads\/2024\/11\/icono-leitat.svg\" class=\"attachment-large size-large wp-image-28029\" alt=\"\" \/>\t\t\t\t\t\t\t\t\t\t\t\t\t\t\t<\/div>\n\t\t\t\t<\/div>\n\t\t\t\t<div class=\"elementor-element elementor-element-b800339 elementor-widget__width-initial elementor-widget-mobile__width-initial elementor-widget-tablet__width-initial elementor-widget elementor-widget-heading\" data-id=\"b800339\" data-element_type=\"widget\" data-e-type=\"widget\" data-widget_type=\"heading.default\">\n\t\t\t\t<div class=\"elementor-widget-container\">\n\t\t\t\t\t<h2 class=\"elementor-heading-title elementor-size-default\">Homologaciones DE LA Federaci\u00f3n Internacional del Autom\u00f3vil<\/h2>\t\t\t\t<\/div>\n\t\t\t\t<\/div>\n\t\t\t\t<\/div>\n\t\t\t\t<\/div>\n\t\t\t\t\t<\/div>\n\t\t\t\t<\/div>\n\t\t<div class=\"elementor-element elementor-element-4c876f7 e-flex e-con-boxed elementor-invisible e-con e-parent\" data-id=\"4c876f7\" data-element_type=\"container\" data-e-type=\"container\" data-settings=\"{&quot;animation&quot;:&quot;fadeInUp&quot;}\">\n\t\t\t\t\t<div class=\"e-con-inner\">\n\t\t<div class=\"elementor-element elementor-element-ceee10b e-con-full e-flex e-con e-child\" data-id=\"ceee10b\" data-element_type=\"container\" data-e-type=\"container\">\n\t\t\t\t<div class=\"elementor-element elementor-element-4cb9249 elementor-widget__width-initial elementor-widget elementor-widget-text-editor\" data-id=\"4cb9249\" data-element_type=\"widget\" data-e-type=\"widget\" data-widget_type=\"text-editor.default\">\n\t\t\t\t<div class=\"elementor-widget-container\">\n\t\t\t\t\t\t\t\t\t<p>Leitat est\u00e1 reconocido por la Federaci\u00f3n Internacional de Automovilismo (FIA) para certificar ropa de protecci\u00f3n para pilotos y mec\u00e1nicos, verificando su cumplimiento con las normativas FIA 8856-2018 y FIA 8867-2016 antes de su comercializaci\u00f3n. A nivel nacional, <b>somos el \u00fanico laboratorio con esta distinci\u00f3n, y uno de los pocos capacitados para hacerlo a nivel mundial<\/b>.<\/p><p>El \u00c1rea de Homologaciones FIA de Leitat, apoy\u00e1ndose en sus laboratorios acreditados seg\u00fan ISO\/IEC 17025, puede emitir:<\/p><ul><li>Certificados de Homologaci\u00f3n<\/li><li>Certificados de Re-Homologaci\u00f3n<\/li><li>Certificados de Revisi\u00f3n<\/li><\/ul>\t\t\t\t\t\t\t\t<\/div>\n\t\t\t\t<\/div>\n\t\t\t\t<div class=\"elementor-element elementor-element-a9643b9 elementor-widget__width-initial elementor-widget elementor-widget-text-editor\" data-id=\"a9643b9\" data-element_type=\"widget\" data-e-type=\"widget\" data-widget_type=\"text-editor.default\">\n\t\t\t\t<div class=\"elementor-widget-container\">\n\t\t\t\t\t\t\t\t\tAportamos el valor necesario a los documentos que FIA requiere en su proceso de homologaci\u00f3n y validaci\u00f3n de los productos a utilizar por pilotos y mec\u00e1nicos en el campeonato del mundo de F1.\t\t\t\t\t\t\t\t<\/div>\n\t\t\t\t<\/div>\n\t\t\t\t<div class=\"elementor-element elementor-element-d829021 elementor-widget elementor-widget-tp-button\" data-id=\"d829021\" data-element_type=\"widget\" data-e-type=\"widget\" data-widget_type=\"tp-button.default\">\n\t\t\t\t<div class=\"elementor-widget-container\">\n\t\t\t\t\t<div class=\"pt-plus-button-wrapper   text-left text--mobilecenter   \"><div class=\"button_parallax   \" ><div id=\"button69ef0e7bdfce5\"  class=\" text-left text--mobilecenter ts-button content_hover_effect   \" ><div class=\"pt_plus_button btn69ef0e7bdf74e button-style-11  hover-left   \"  ><div class=\"animted-content-inner \"><a href=\"https:\/\/leitat.org\/es\/certificaciones-y-acreditaciones\/\" target=\"_blank\" class=\"button-link-wrap \" role=\"button\" data-hover=\"DESCARGAR HOMOLOGACI\u00d3N FIA\"  ><span>DESCARGAR HOMOLOGACI\u00d3N FIA<i class=\"btn-icon button-after fa fa-arrow-down\"><\/i><\/span><\/a><\/div><\/div><\/div><\/div><\/div>\t\t\t\t<\/div>\n\t\t\t\t<\/div>\n\t\t\t\t<\/div>\n\t\t<div class=\"elementor-element elementor-element-631c037 e-con-full e-flex e-con e-child\" data-id=\"631c037\" data-element_type=\"container\" data-e-type=\"container\" data-settings=\"{&quot;background_background&quot;:&quot;classic&quot;}\">\n\t\t<div class=\"elementor-element elementor-element-e478876 e-con-full e-flex e-con e-child\" data-id=\"e478876\" data-element_type=\"container\" data-e-type=\"container\" data-settings=\"{&quot;background_background&quot;:&quot;classic&quot;}\">\n\t\t\t\t<div class=\"elementor-element elementor-element-c2493e8 imagen2 elementor-widget elementor-widget-image\" data-id=\"c2493e8\" data-element_type=\"widget\" data-e-type=\"widget\" data-widget_type=\"image.default\">\n\t\t\t\t<div class=\"elementor-widget-container\">\n\t\t\t\t\t\t\t\t\t\t\t\t\t\t\t<img loading=\"lazy\" decoding=\"async\" width=\"1360\" height=\"1361\" src=\"https:\/\/leitat.org\/wp-content\/uploads\/2024\/12\/img-fia-2.jpg\" class=\"attachment-full size-full wp-image-42956\" alt=\"\" srcset=\"https:\/\/leitat.org\/wp-content\/uploads\/2024\/12\/img-fia-2.jpg 1360w, https:\/\/leitat.org\/wp-content\/uploads\/2024\/12\/img-fia-2-300x300.jpg 300w, https:\/\/leitat.org\/wp-content\/uploads\/2024\/12\/img-fia-2-1024x1024.jpg 1024w, https:\/\/leitat.org\/wp-content\/uploads\/2024\/12\/img-fia-2-150x150.jpg 150w, https:\/\/leitat.org\/wp-content\/uploads\/2024\/12\/img-fia-2-768x769.jpg 768w, https:\/\/leitat.org\/wp-content\/uploads\/2024\/12\/img-fia-2-700x700.jpg 700w\" sizes=\"(max-width: 1360px) 100vw, 1360px\" \/>\t\t\t\t\t\t\t\t\t\t\t\t\t\t\t<\/div>\n\t\t\t\t<\/div>\n\t\t\t\t<\/div>\n\t\t\t\t<\/div>\n\t\t\t\t\t<\/div>\n\t\t\t\t<\/div>\n\t\t\t\t<\/div>\n\t\t","protected":false},"excerpt":{"rendered":"<p>servicios Homologaciones FIA Leitat es un laboratorio acreditado por la FIA para evaluar y homologar ropa de protecci\u00f3n para pilotos seg\u00fan la normativa FIA 8856-2018, siendo el \u00fanico en Espa\u00f1a y uno de los pocos en Europa con esta capacidad. servicios Homologaciones FIA Leitat es un laboratorio acreditado por la FIA para evaluar y homologar [&hellip;]<\/p>\n","protected":false},"author":2,"featured_media":35113,"parent":0,"menu_order":0,"comment_status":"closed","ping_status":"closed","template":"","meta":{"inline_featured_image":false,"footnotes":""},"class_list":["post-39106","page","type-page","status-publish","has-post-thumbnail","hentry"],"yoast_head":"<!-- This site is optimized with the Yoast SEO plugin v27.2 - https:\/\/yoast.com\/product\/yoast-seo-wordpress\/ -->\n<title>Servicios - Homologaciones FIA - Leitat Technological Center<\/title>\n<meta name=\"robots\" content=\"index, follow, max-snippet:-1, max-image-preview:large, max-video-preview:-1\" \/>\n<meta property=\"og:locale\" content=\"es_ES\" \/>\n<meta property=\"og:type\" content=\"article\" \/>\n<meta property=\"og:title\" content=\"Servicios - Homologaciones FIA - Leitat Technological Center\" \/>\n<meta property=\"og:description\" content=\"servicios Homologaciones FIA Leitat es un laboratorio acreditado por la FIA para evaluar y homologar ropa de protecci\u00f3n para pilotos seg\u00fan la normativa FIA 8856-2018, siendo el \u00fanico en Espa\u00f1a y uno de los pocos en Europa con esta capacidad. servicios Homologaciones FIA Leitat es un laboratorio acreditado por la FIA para evaluar y homologar [&hellip;]\" \/>\n<meta property=\"og:url\" content=\"https:\/\/leitat.org\/es\/homologaciones-fia\/\" \/>\n<meta property=\"og:site_name\" content=\"Leitat Technological Center\" \/>\n<meta property=\"article:modified_time\" content=\"2026-01-08T14:33:50+00:00\" \/>\n<meta property=\"og:image\" content=\"https:\/\/leitat.org\/wp-content\/uploads\/2024\/11\/img-digital-industry-2.jpg\" \/>\n\t<meta property=\"og:image:width\" content=\"1920\" \/>\n\t<meta property=\"og:image:height\" content=\"835\" \/>\n\t<meta property=\"og:image:type\" content=\"image\/jpeg\" \/>\n<meta name=\"twitter:card\" content=\"summary_large_image\" \/>\n<meta name=\"twitter:label1\" content=\"Tiempo de lectura\" \/>\n\t<meta name=\"twitter:data1\" content=\"2 minutos\" \/>\n<script type=\"application\/ld+json\" class=\"yoast-schema-graph\">{\"@context\":\"https:\/\/schema.org\",\"@graph\":[{\"@type\":\"WebPage\",\"@id\":\"https:\/\/leitat.org\/es\/homologaciones-fia\/\",\"url\":\"https:\/\/leitat.org\/es\/homologaciones-fia\/\",\"name\":\"Servicios - Homologaciones FIA - Leitat Technological Center\",\"isPartOf\":{\"@id\":\"https:\/\/leitat.org\/es\/#website\"},\"primaryImageOfPage\":{\"@id\":\"https:\/\/leitat.org\/es\/homologaciones-fia\/#primaryimage\"},\"image\":{\"@id\":\"https:\/\/leitat.org\/es\/homologaciones-fia\/#primaryimage\"},\"thumbnailUrl\":\"https:\/\/leitat.org\/wp-content\/uploads\/2024\/11\/img-digital-industry-2.jpg\",\"datePublished\":\"2024-11-28T15:56:47+00:00\",\"dateModified\":\"2026-01-08T14:33:50+00:00\",\"breadcrumb\":{\"@id\":\"https:\/\/leitat.org\/es\/homologaciones-fia\/#breadcrumb\"},\"inLanguage\":\"es\",\"potentialAction\":[{\"@type\":\"ReadAction\",\"target\":[\"https:\/\/leitat.org\/es\/homologaciones-fia\/\"]}]},{\"@type\":\"ImageObject\",\"inLanguage\":\"es\",\"@id\":\"https:\/\/leitat.org\/es\/homologaciones-fia\/#primaryimage\",\"url\":\"https:\/\/leitat.org\/wp-content\/uploads\/2024\/11\/img-digital-industry-2.jpg\",\"contentUrl\":\"https:\/\/leitat.org\/wp-content\/uploads\/2024\/11\/img-digital-industry-2.jpg\",\"width\":1920,\"height\":835},{\"@type\":\"BreadcrumbList\",\"@id\":\"https:\/\/leitat.org\/es\/homologaciones-fia\/#breadcrumb\",\"itemListElement\":[{\"@type\":\"ListItem\",\"position\":1,\"name\":\"HOME\",\"item\":\"https:\/\/leitat.org\/es\/home\/\"},{\"@type\":\"ListItem\",\"position\":2,\"name\":\"Servicios &#8211; Homologaciones FIA\"}]},{\"@type\":\"WebSite\",\"@id\":\"https:\/\/leitat.org\/es\/#website\",\"url\":\"https:\/\/leitat.org\/es\/\",\"name\":\"Leitat Technological Center\",\"description\":\"Managing Technologies\",\"publisher\":{\"@id\":\"https:\/\/leitat.org\/es\/#organization\"},\"potentialAction\":[{\"@type\":\"SearchAction\",\"target\":{\"@type\":\"EntryPoint\",\"urlTemplate\":\"https:\/\/leitat.org\/es\/?s={search_term_string}\"},\"query-input\":{\"@type\":\"PropertyValueSpecification\",\"valueRequired\":true,\"valueName\":\"search_term_string\"}}],\"inLanguage\":\"es\"},{\"@type\":\"Organization\",\"@id\":\"https:\/\/leitat.org\/es\/#organization\",\"name\":\"Leitat Technological Center\",\"url\":\"https:\/\/leitat.org\/es\/\",\"logo\":{\"@type\":\"ImageObject\",\"inLanguage\":\"es\",\"@id\":\"https:\/\/leitat.org\/es\/#\/schema\/logo\/image\/\",\"url\":\"https:\/\/leitat.org\/wp-content\/uploads\/2024\/10\/logo-leitat.svg\",\"contentUrl\":\"https:\/\/leitat.org\/wp-content\/uploads\/2024\/10\/logo-leitat.svg\",\"width\":226,\"height\":78,\"caption\":\"Leitat Technological Center\"},\"image\":{\"@id\":\"https:\/\/leitat.org\/es\/#\/schema\/logo\/image\/\"}}]}<\/script>\n<!-- \/ Yoast SEO plugin. -->","yoast_head_json":{"title":"Servicios - Homologaciones FIA - Leitat Technological Center","robots":{"index":"index","follow":"follow","max-snippet":"max-snippet:-1","max-image-preview":"max-image-preview:large","max-video-preview":"max-video-preview:-1"},"og_locale":"es_ES","og_type":"article","og_title":"Servicios - Homologaciones FIA - Leitat Technological Center","og_description":"servicios Homologaciones FIA Leitat es un laboratorio acreditado por la FIA para evaluar y homologar ropa de protecci\u00f3n para pilotos seg\u00fan la normativa FIA 8856-2018, siendo el \u00fanico en Espa\u00f1a y uno de los pocos en Europa con esta capacidad. servicios Homologaciones FIA Leitat es un laboratorio acreditado por la FIA para evaluar y homologar [&hellip;]","og_url":"https:\/\/leitat.org\/es\/homologaciones-fia\/","og_site_name":"Leitat Technological Center","article_modified_time":"2026-01-08T14:33:50+00:00","og_image":[{"width":1920,"height":835,"url":"https:\/\/leitat.org\/wp-content\/uploads\/2024\/11\/img-digital-industry-2.jpg","type":"image\/jpeg"}],"twitter_card":"summary_large_image","twitter_misc":{"Tiempo de lectura":"2 minutos"},"schema":{"@context":"https:\/\/schema.org","@graph":[{"@type":"WebPage","@id":"https:\/\/leitat.org\/es\/homologaciones-fia\/","url":"https:\/\/leitat.org\/es\/homologaciones-fia\/","name":"Servicios - Homologaciones FIA - Leitat Technological Center","isPartOf":{"@id":"https:\/\/leitat.org\/es\/#website"},"primaryImageOfPage":{"@id":"https:\/\/leitat.org\/es\/homologaciones-fia\/#primaryimage"},"image":{"@id":"https:\/\/leitat.org\/es\/homologaciones-fia\/#primaryimage"},"thumbnailUrl":"https:\/\/leitat.org\/wp-content\/uploads\/2024\/11\/img-digital-industry-2.jpg","datePublished":"2024-11-28T15:56:47+00:00","dateModified":"2026-01-08T14:33:50+00:00","breadcrumb":{"@id":"https:\/\/leitat.org\/es\/homologaciones-fia\/#breadcrumb"},"inLanguage":"es","potentialAction":[{"@type":"ReadAction","target":["https:\/\/leitat.org\/es\/homologaciones-fia\/"]}]},{"@type":"ImageObject","inLanguage":"es","@id":"https:\/\/leitat.org\/es\/homologaciones-fia\/#primaryimage","url":"https:\/\/leitat.org\/wp-content\/uploads\/2024\/11\/img-digital-industry-2.jpg","contentUrl":"https:\/\/leitat.org\/wp-content\/uploads\/2024\/11\/img-digital-industry-2.jpg","width":1920,"height":835},{"@type":"BreadcrumbList","@id":"https:\/\/leitat.org\/es\/homologaciones-fia\/#breadcrumb","itemListElement":[{"@type":"ListItem","position":1,"name":"HOME","item":"https:\/\/leitat.org\/es\/home\/"},{"@type":"ListItem","position":2,"name":"Servicios &#8211; Homologaciones FIA"}]},{"@type":"WebSite","@id":"https:\/\/leitat.org\/es\/#website","url":"https:\/\/leitat.org\/es\/","name":"Leitat Technological Center","description":"Managing Technologies","publisher":{"@id":"https:\/\/leitat.org\/es\/#organization"},"potentialAction":[{"@type":"SearchAction","target":{"@type":"EntryPoint","urlTemplate":"https:\/\/leitat.org\/es\/?s={search_term_string}"},"query-input":{"@type":"PropertyValueSpecification","valueRequired":true,"valueName":"search_term_string"}}],"inLanguage":"es"},{"@type":"Organization","@id":"https:\/\/leitat.org\/es\/#organization","name":"Leitat Technological Center","url":"https:\/\/leitat.org\/es\/","logo":{"@type":"ImageObject","inLanguage":"es","@id":"https:\/\/leitat.org\/es\/#\/schema\/logo\/image\/","url":"https:\/\/leitat.org\/wp-content\/uploads\/2024\/10\/logo-leitat.svg","contentUrl":"https:\/\/leitat.org\/wp-content\/uploads\/2024\/10\/logo-leitat.svg","width":226,"height":78,"caption":"Leitat Technological Center"},"image":{"@id":"https:\/\/leitat.org\/es\/#\/schema\/logo\/image\/"}}]}},"_links":{"self":[{"href":"https:\/\/leitat.org\/es\/wp-json\/wp\/v2\/pages\/39106","targetHints":{"allow":["GET"]}}],"collection":[{"href":"https:\/\/leitat.org\/es\/wp-json\/wp\/v2\/pages"}],"about":[{"href":"https:\/\/leitat.org\/es\/wp-json\/wp\/v2\/types\/page"}],"author":[{"embeddable":true,"href":"https:\/\/leitat.org\/es\/wp-json\/wp\/v2\/users\/2"}],"replies":[{"embeddable":true,"href":"https:\/\/leitat.org\/es\/wp-json\/wp\/v2\/comments?post=39106"}],"version-history":[{"count":70,"href":"https:\/\/leitat.org\/es\/wp-json\/wp\/v2\/pages\/39106\/revisions"}],"predecessor-version":[{"id":75870,"href":"https:\/\/leitat.org\/es\/wp-json\/wp\/v2\/pages\/39106\/revisions\/75870"}],"wp:featuredmedia":[{"embeddable":true,"href":"https:\/\/leitat.org\/es\/wp-json\/wp\/v2\/media\/35113"}],"wp:attachment":[{"href":"https:\/\/leitat.org\/es\/wp-json\/wp\/v2\/media?parent=39106"}],"curies":[{"name":"wp","href":"https:\/\/api.w.org\/{rel}","templated":true}]}}