{"id":39611,"date":"2024-11-29T14:41:36","date_gmt":"2024-11-29T14:41:36","guid":{"rendered":"https:\/\/generic.leitat.org\/?page_id=39611"},"modified":"2025-11-20T14:21:17","modified_gmt":"2025-11-20T14:21:17","slug":"canal-de-denuncias","status":"publish","type":"page","link":"https:\/\/leitat.org\/es\/canal-de-denuncias\/","title":{"rendered":"Canal de denuncias"},"content":{"rendered":"\t\t<div data-elementor-type=\"wp-page\" data-elementor-id=\"39611\" class=\"elementor elementor-39611\" data-elementor-post-type=\"page\">\n\t\t\t\t<div class=\"elementor-element elementor-element-f50c6af e-flex e-con-boxed elementor-invisible e-con e-parent\" data-id=\"f50c6af\" data-element_type=\"container\" data-e-type=\"container\" data-settings=\"{&quot;animation&quot;:&quot;fadeInUp&quot;}\">\n\t\t\t\t\t<div class=\"e-con-inner\">\n\t\t<div class=\"elementor-element elementor-element-7482a98 e-con-full e-flex elementor-invisible e-con e-child\" data-id=\"7482a98\" data-element_type=\"container\" data-e-type=\"container\" data-settings=\"{&quot;animation&quot;:&quot;fadeIn&quot;}\">\n\t\t<div class=\"elementor-element elementor-element-eca2d6d e-con-full e-flex elementor-invisible e-con e-child\" data-id=\"eca2d6d\" data-element_type=\"container\" data-e-type=\"container\" data-settings=\"{&quot;animation&quot;:&quot;fadeInUp&quot;}\">\n\t\t\t\t<div class=\"elementor-element elementor-element-23cd777 elementor-widget elementor-widget-image\" data-id=\"23cd777\" data-element_type=\"widget\" data-e-type=\"widget\" data-widget_type=\"image.default\">\n\t\t\t\t<div class=\"elementor-widget-container\">\n\t\t\t\t\t\t\t\t\t\t\t\t\t\t\t<img fetchpriority=\"high\" decoding=\"async\" width=\"800\" height=\"800\" src=\"https:\/\/leitat.org\/wp-content\/uploads\/2024\/11\/icono-leitat.svg\" class=\"attachment-large size-large wp-image-28029\" alt=\"\" \/>\t\t\t\t\t\t\t\t\t\t\t\t\t\t\t<\/div>\n\t\t\t\t<\/div>\n\t\t\t\t<div class=\"elementor-element elementor-element-5c1dbd2 elementor-widget__width-initial elementor-widget-mobile__width-initial elementor-widget elementor-widget-heading\" data-id=\"5c1dbd2\" data-element_type=\"widget\" data-e-type=\"widget\" data-widget_type=\"heading.default\">\n\t\t\t\t<div class=\"elementor-widget-container\">\n\t\t\t\t\t<h3 class=\"elementor-heading-title elementor-size-default\">Canal de denuncias<\/h3>\t\t\t\t<\/div>\n\t\t\t\t<\/div>\n\t\t\t\t<\/div>\n\t\t\t\t<\/div>\n\t\t\t\t\t<\/div>\n\t\t\t\t<\/div>\n\t\t<div class=\"elementor-element elementor-element-f708b1a e-flex e-con-boxed elementor-invisible e-con e-parent\" data-id=\"f708b1a\" data-element_type=\"container\" data-e-type=\"container\" data-settings=\"{&quot;animation&quot;:&quot;fadeInUp&quot;}\">\n\t\t\t\t\t<div class=\"e-con-inner\">\n\t\t<div class=\"elementor-element elementor-element-9d1d024 e-con-full e-flex e-con e-child\" data-id=\"9d1d024\" data-element_type=\"container\" data-e-type=\"container\">\n\t\t\t\t<div class=\"elementor-element elementor-element-8d539fe elementor-widget elementor-widget-heading\" data-id=\"8d539fe\" data-element_type=\"widget\" data-e-type=\"widget\" data-widget_type=\"heading.default\">\n\t\t\t\t<div class=\"elementor-widget-container\">\n\t\t\t\t\t<h4 class=\"elementor-heading-title elementor-size-default\">Bienvenid@ al Canal de Denuncias de Leitat<\/h4>\t\t\t\t<\/div>\n\t\t\t\t<\/div>\n\t\t\t\t<div class=\"elementor-element elementor-element-da46740 elementor-widget elementor-widget-text-editor\" data-id=\"da46740\" data-element_type=\"widget\" data-e-type=\"widget\" data-widget_type=\"text-editor.default\">\n\t\t\t\t<div class=\"elementor-widget-container\">\n\t\t\t\t\t\t\t\t\t<p>Esta herramienta tiene como objetivo facilitar una sistem\u00e1tica de comunicaci\u00f3n an\u00f3nima e independiente para que cualquier persona vinculada a Leitat pueda dar a conocer potenciales delitos, conductas inapropiadas o hechos denunciables que ocurran dentro o fuera de la actividad de la entidad.<\/p><p>Por ello, se anima a cualquier persona que tenga conocimiento de alg\u00fan hecho de estas caracter\u00edsticas a dejar constancia a trav\u00e9s de este canal.<\/p>\t\t\t\t\t\t\t\t<\/div>\n\t\t\t\t<\/div>\n\t\t\t\t<div class=\"elementor-element elementor-element-1f8a3a2 elementor-widget elementor-widget-tp-button\" data-id=\"1f8a3a2\" data-element_type=\"widget\" data-e-type=\"widget\" data-settings=\"{&quot;_animation&quot;:&quot;none&quot;}\" data-widget_type=\"tp-button.default\">\n\t\t\t\t<div class=\"elementor-widget-container\">\n\t\t\t\t\t<div class=\"pt-plus-button-wrapper   text-left   \"><div class=\"button_parallax   \" ><div id=\"button69d9e7d88d6dd\"  class=\" text-left ts-button content_hover_effect   \" ><div class=\"pt_plus_button btn69d9e7d88d0d1 button-style-9   \"  ><div class=\"animted-content-inner \"><a href=\"\/wp-content\/uploads\/2024\/12\/POLITICA-DEL-SISTEMA-INTERNO.pdf\" target=\"_blank\" class=\"button-link-wrap \" role=\"button\" data-hover=\"Funcionamiento de la herramienta\"  >Funcionamiento de la herramienta<span class=\"btn-arrow\"><i class=\"fa-show fas fa-chevron-right\" aria-hidden=\"true\"><\/i><i class=\"fa-hide fas fa-chevron-right\" aria-hidden=\"true\"><\/i><\/span><\/a><\/div><\/div><\/div><\/div><\/div>\t\t\t\t<\/div>\n\t\t\t\t<\/div>\n\t\t\t\t<div class=\"elementor-element elementor-element-5849df6 elementor-widget elementor-widget-tp-button\" data-id=\"5849df6\" data-element_type=\"widget\" data-e-type=\"widget\" data-settings=\"{&quot;_animation&quot;:&quot;none&quot;}\" data-widget_type=\"tp-button.default\">\n\t\t\t\t<div class=\"elementor-widget-container\">\n\t\t\t\t\t<div class=\"pt-plus-button-wrapper   text-left   \"><div class=\"button_parallax   \" ><div id=\"button69d9e7d88e628\"  class=\" text-left ts-button content_hover_effect   \" ><div class=\"pt_plus_button btn69d9e7d88e121 button-style-9   \"  ><div class=\"animted-content-inner \"><a href=\"https:\/\/at.ethic-channel.com\/home?change_language=es\" target=\"_blank\" class=\"button-link-wrap \" role=\"button\" data-hover=\"Si deseas formular una denuncia, utiliza este enlace para acceder al formulario\"  >Si deseas formular una denuncia, utiliza este enlace para acceder al formulario<span class=\"btn-arrow\"><i class=\"fa-show fas fa-chevron-right\" aria-hidden=\"true\"><\/i><i class=\"fa-hide fas fa-chevron-right\" aria-hidden=\"true\"><\/i><\/span><\/a><\/div><\/div><\/div><\/div><\/div>\t\t\t\t<\/div>\n\t\t\t\t<\/div>\n\t\t\t\t<div class=\"elementor-element elementor-element-fa3d784 links elementor-widget elementor-widget-text-editor\" data-id=\"fa3d784\" data-element_type=\"widget\" data-e-type=\"widget\" data-widget_type=\"text-editor.default\">\n\t\t\t\t<div class=\"elementor-widget-container\">\n\t\t\t\t\t\t\t\t\t<p>As\u00ed mismo, para aquellas personas que lo prefieran, recordamos que existe un canal espec\u00edfico para los casos de acoso, acorde al Protocolo de Acoso en el \u00e1mbito laboral de la entidad.<\/p><p>El protocolo que regula este canal puede consultarse en este <a href=\"https:\/\/geslab.quantyk.eu\/gesdoc\/document-internal\/export-pdf\/14794\/last-version\" target=\"_blank\" rel=\"noopener\">tercer enlace<\/a>.<\/p>\t\t\t\t\t\t\t\t<\/div>\n\t\t\t\t<\/div>\n\t\t\t\t<\/div>\n\t\t\t\t\t<\/div>\n\t\t\t\t<\/div>\n\t\t\t\t<\/div>\n\t\t","protected":false},"excerpt":{"rendered":"<p>Canal de denuncias Bienvenid@ al Canal de Denuncias de Leitat Esta herramienta tiene como objetivo facilitar una sistem\u00e1tica de comunicaci\u00f3n an\u00f3nima e independiente para que cualquier persona vinculada a Leitat pueda dar a conocer potenciales delitos, conductas inapropiadas o hechos denunciables que ocurran dentro o fuera de la actividad de la entidad. Por ello, se [&hellip;]<\/p>\n","protected":false},"author":2,"featured_media":0,"parent":0,"menu_order":0,"comment_status":"closed","ping_status":"closed","template":"","meta":{"inline_featured_image":false,"footnotes":""},"class_list":["post-39611","page","type-page","status-publish","hentry"],"yoast_head":"<!-- This site is optimized with the Yoast SEO plugin v27.2 - https:\/\/yoast.com\/product\/yoast-seo-wordpress\/ -->\n<title>Canal de denuncias - Leitat Technological Center<\/title>\n<meta name=\"robots\" content=\"index, follow, max-snippet:-1, max-image-preview:large, max-video-preview:-1\" \/>\n<meta property=\"og:locale\" content=\"es_ES\" \/>\n<meta property=\"og:type\" content=\"article\" \/>\n<meta property=\"og:title\" content=\"Canal de denuncias - Leitat Technological Center\" \/>\n<meta property=\"og:description\" content=\"Canal de denuncias Bienvenid@ al Canal de Denuncias de Leitat Esta herramienta tiene como objetivo facilitar una sistem\u00e1tica de comunicaci\u00f3n an\u00f3nima e independiente para que cualquier persona vinculada a Leitat pueda dar a conocer potenciales delitos, conductas inapropiadas o hechos denunciables que ocurran dentro o fuera de la actividad de la entidad. Por ello, se [&hellip;]\" \/>\n<meta property=\"og:url\" content=\"https:\/\/leitat.org\/es\/canal-de-denuncias\/\" \/>\n<meta property=\"og:site_name\" content=\"Leitat Technological Center\" \/>\n<meta property=\"article:modified_time\" content=\"2025-11-20T14:21:17+00:00\" \/>\n<meta name=\"twitter:card\" content=\"summary_large_image\" \/>\n<meta name=\"twitter:label1\" content=\"Tiempo de lectura\" \/>\n\t<meta name=\"twitter:data1\" content=\"1 minuto\" \/>\n<script type=\"application\/ld+json\" class=\"yoast-schema-graph\">{\"@context\":\"https:\/\/schema.org\",\"@graph\":[{\"@type\":\"WebPage\",\"@id\":\"https:\/\/leitat.org\/es\/canal-de-denuncias\/\",\"url\":\"https:\/\/leitat.org\/es\/canal-de-denuncias\/\",\"name\":\"Canal de denuncias - Leitat Technological Center\",\"isPartOf\":{\"@id\":\"https:\/\/leitat.org\/es\/#website\"},\"primaryImageOfPage\":{\"@id\":\"https:\/\/leitat.org\/es\/canal-de-denuncias\/#primaryimage\"},\"image\":{\"@id\":\"https:\/\/leitat.org\/es\/canal-de-denuncias\/#primaryimage\"},\"thumbnailUrl\":\"https:\/\/leitat.org\/wp-content\/uploads\/2024\/11\/icono-leitat.svg\",\"datePublished\":\"2024-11-29T14:41:36+00:00\",\"dateModified\":\"2025-11-20T14:21:17+00:00\",\"breadcrumb\":{\"@id\":\"https:\/\/leitat.org\/es\/canal-de-denuncias\/#breadcrumb\"},\"inLanguage\":\"es\",\"potentialAction\":[{\"@type\":\"ReadAction\",\"target\":[\"https:\/\/leitat.org\/es\/canal-de-denuncias\/\"]}]},{\"@type\":\"ImageObject\",\"inLanguage\":\"es\",\"@id\":\"https:\/\/leitat.org\/es\/canal-de-denuncias\/#primaryimage\",\"url\":\"https:\/\/leitat.org\/wp-content\/uploads\/2024\/11\/icono-leitat.svg\",\"contentUrl\":\"https:\/\/leitat.org\/wp-content\/uploads\/2024\/11\/icono-leitat.svg\"},{\"@type\":\"BreadcrumbList\",\"@id\":\"https:\/\/leitat.org\/es\/canal-de-denuncias\/#breadcrumb\",\"itemListElement\":[{\"@type\":\"ListItem\",\"position\":1,\"name\":\"HOME\",\"item\":\"https:\/\/leitat.org\/es\/home\/\"},{\"@type\":\"ListItem\",\"position\":2,\"name\":\"Canal de denuncias\"}]},{\"@type\":\"WebSite\",\"@id\":\"https:\/\/leitat.org\/es\/#website\",\"url\":\"https:\/\/leitat.org\/es\/\",\"name\":\"Leitat Technological Center\",\"description\":\"Managing Technologies\",\"publisher\":{\"@id\":\"https:\/\/leitat.org\/es\/#organization\"},\"potentialAction\":[{\"@type\":\"SearchAction\",\"target\":{\"@type\":\"EntryPoint\",\"urlTemplate\":\"https:\/\/leitat.org\/es\/?s={search_term_string}\"},\"query-input\":{\"@type\":\"PropertyValueSpecification\",\"valueRequired\":true,\"valueName\":\"search_term_string\"}}],\"inLanguage\":\"es\"},{\"@type\":\"Organization\",\"@id\":\"https:\/\/leitat.org\/es\/#organization\",\"name\":\"Leitat Technological Center\",\"url\":\"https:\/\/leitat.org\/es\/\",\"logo\":{\"@type\":\"ImageObject\",\"inLanguage\":\"es\",\"@id\":\"https:\/\/leitat.org\/es\/#\/schema\/logo\/image\/\",\"url\":\"https:\/\/leitat.org\/wp-content\/uploads\/2024\/10\/logo-leitat.svg\",\"contentUrl\":\"https:\/\/leitat.org\/wp-content\/uploads\/2024\/10\/logo-leitat.svg\",\"width\":226,\"height\":78,\"caption\":\"Leitat Technological Center\"},\"image\":{\"@id\":\"https:\/\/leitat.org\/es\/#\/schema\/logo\/image\/\"}}]}<\/script>\n<!-- \/ Yoast SEO plugin. -->","yoast_head_json":{"title":"Canal de denuncias - Leitat Technological Center","robots":{"index":"index","follow":"follow","max-snippet":"max-snippet:-1","max-image-preview":"max-image-preview:large","max-video-preview":"max-video-preview:-1"},"og_locale":"es_ES","og_type":"article","og_title":"Canal de denuncias - Leitat Technological Center","og_description":"Canal de denuncias Bienvenid@ al Canal de Denuncias de Leitat Esta herramienta tiene como objetivo facilitar una sistem\u00e1tica de comunicaci\u00f3n an\u00f3nima e independiente para que cualquier persona vinculada a Leitat pueda dar a conocer potenciales delitos, conductas inapropiadas o hechos denunciables que ocurran dentro o fuera de la actividad de la entidad. Por ello, se [&hellip;]","og_url":"https:\/\/leitat.org\/es\/canal-de-denuncias\/","og_site_name":"Leitat Technological Center","article_modified_time":"2025-11-20T14:21:17+00:00","twitter_card":"summary_large_image","twitter_misc":{"Tiempo de lectura":"1 minuto"},"schema":{"@context":"https:\/\/schema.org","@graph":[{"@type":"WebPage","@id":"https:\/\/leitat.org\/es\/canal-de-denuncias\/","url":"https:\/\/leitat.org\/es\/canal-de-denuncias\/","name":"Canal de denuncias - Leitat Technological Center","isPartOf":{"@id":"https:\/\/leitat.org\/es\/#website"},"primaryImageOfPage":{"@id":"https:\/\/leitat.org\/es\/canal-de-denuncias\/#primaryimage"},"image":{"@id":"https:\/\/leitat.org\/es\/canal-de-denuncias\/#primaryimage"},"thumbnailUrl":"https:\/\/leitat.org\/wp-content\/uploads\/2024\/11\/icono-leitat.svg","datePublished":"2024-11-29T14:41:36+00:00","dateModified":"2025-11-20T14:21:17+00:00","breadcrumb":{"@id":"https:\/\/leitat.org\/es\/canal-de-denuncias\/#breadcrumb"},"inLanguage":"es","potentialAction":[{"@type":"ReadAction","target":["https:\/\/leitat.org\/es\/canal-de-denuncias\/"]}]},{"@type":"ImageObject","inLanguage":"es","@id":"https:\/\/leitat.org\/es\/canal-de-denuncias\/#primaryimage","url":"https:\/\/leitat.org\/wp-content\/uploads\/2024\/11\/icono-leitat.svg","contentUrl":"https:\/\/leitat.org\/wp-content\/uploads\/2024\/11\/icono-leitat.svg"},{"@type":"BreadcrumbList","@id":"https:\/\/leitat.org\/es\/canal-de-denuncias\/#breadcrumb","itemListElement":[{"@type":"ListItem","position":1,"name":"HOME","item":"https:\/\/leitat.org\/es\/home\/"},{"@type":"ListItem","position":2,"name":"Canal de denuncias"}]},{"@type":"WebSite","@id":"https:\/\/leitat.org\/es\/#website","url":"https:\/\/leitat.org\/es\/","name":"Leitat Technological Center","description":"Managing Technologies","publisher":{"@id":"https:\/\/leitat.org\/es\/#organization"},"potentialAction":[{"@type":"SearchAction","target":{"@type":"EntryPoint","urlTemplate":"https:\/\/leitat.org\/es\/?s={search_term_string}"},"query-input":{"@type":"PropertyValueSpecification","valueRequired":true,"valueName":"search_term_string"}}],"inLanguage":"es"},{"@type":"Organization","@id":"https:\/\/leitat.org\/es\/#organization","name":"Leitat Technological Center","url":"https:\/\/leitat.org\/es\/","logo":{"@type":"ImageObject","inLanguage":"es","@id":"https:\/\/leitat.org\/es\/#\/schema\/logo\/image\/","url":"https:\/\/leitat.org\/wp-content\/uploads\/2024\/10\/logo-leitat.svg","contentUrl":"https:\/\/leitat.org\/wp-content\/uploads\/2024\/10\/logo-leitat.svg","width":226,"height":78,"caption":"Leitat Technological Center"},"image":{"@id":"https:\/\/leitat.org\/es\/#\/schema\/logo\/image\/"}}]}},"_links":{"self":[{"href":"https:\/\/leitat.org\/es\/wp-json\/wp\/v2\/pages\/39611","targetHints":{"allow":["GET"]}}],"collection":[{"href":"https:\/\/leitat.org\/es\/wp-json\/wp\/v2\/pages"}],"about":[{"href":"https:\/\/leitat.org\/es\/wp-json\/wp\/v2\/types\/page"}],"author":[{"embeddable":true,"href":"https:\/\/leitat.org\/es\/wp-json\/wp\/v2\/users\/2"}],"replies":[{"embeddable":true,"href":"https:\/\/leitat.org\/es\/wp-json\/wp\/v2\/comments?post=39611"}],"version-history":[{"count":16,"href":"https:\/\/leitat.org\/es\/wp-json\/wp\/v2\/pages\/39611\/revisions"}],"predecessor-version":[{"id":74929,"href":"https:\/\/leitat.org\/es\/wp-json\/wp\/v2\/pages\/39611\/revisions\/74929"}],"wp:attachment":[{"href":"https:\/\/leitat.org\/es\/wp-json\/wp\/v2\/media?parent=39611"}],"curies":[{"name":"wp","href":"https:\/\/api.w.org\/{rel}","templated":true}]}}