{"id":81935,"date":"2026-03-10T10:03:09","date_gmt":"2026-03-10T10:03:09","guid":{"rendered":"https:\/\/leitat.org\/?page_id=81935"},"modified":"2026-03-11T09:56:56","modified_gmt":"2026-03-11T09:56:56","slug":"informe-de-evaluacion-clausulas-de-responsabilidad","status":"publish","type":"page","link":"https:\/\/leitat.org\/es\/informe-de-evaluacion-clausulas-de-responsabilidad\/","title":{"rendered":"Informe de Evaluaci\u00f3n | Cl\u00e1usulas de Responsabilidad"},"content":{"rendered":"\t\t<div data-elementor-type=\"wp-page\" data-elementor-id=\"81935\" class=\"elementor elementor-81935\" data-elementor-post-type=\"page\">\n\t\t\t\t<div class=\"elementor-element elementor-element-284b4bb e-flex e-con-boxed e-con e-parent\" data-id=\"284b4bb\" data-element_type=\"container\" data-e-type=\"container\">\n\t\t\t\t\t<div class=\"e-con-inner\">\n\t\t\t\t<div class=\"elementor-element elementor-element-f8c9bbd elementor-widget elementor-widget-heading\" data-id=\"f8c9bbd\" data-element_type=\"widget\" data-e-type=\"widget\" data-widget_type=\"heading.default\">\n\t\t\t\t<div class=\"elementor-widget-container\">\n\t\t\t\t\t<h2 class=\"elementor-heading-title elementor-size-default\">Informe de Evaluaci\u00f3n | Cl\u00e1usulas de Responsabilidad<\/h2>\t\t\t\t<\/div>\n\t\t\t\t<\/div>\n\t\t\t\t\t<\/div>\n\t\t\t\t<\/div>\n\t\t<div class=\"elementor-element elementor-element-7080d0c e-flex e-con-boxed e-con e-parent\" data-id=\"7080d0c\" data-element_type=\"container\" data-e-type=\"container\">\n\t\t\t\t\t<div class=\"e-con-inner\">\n\t\t\t\t<div class=\"elementor-element elementor-element-a1cbede elementor-widget elementor-widget-text-editor\" data-id=\"a1cbede\" data-element_type=\"widget\" data-e-type=\"widget\" data-widget_type=\"text-editor.default\">\n\t\t\t\t<div class=\"elementor-widget-container\">\n\t\t\t\t\t\t\t\t\t<p><strong>a. <\/strong>Este organismo no se hace responsable en ning\u00fan caso, de la interpretaci\u00f3n o uso indebido que puedan hacerse de los documentos emitidos.<\/p><p><strong>b.<\/strong> Este documento no da fe m\u00e1s que de las muestras presentadas para su ensayo o an\u00e1lisis en este organismo, seg\u00fan las normas y\/o especificaciones t\u00e9cnicas expresadas en el informe, limitando a estos hechos la responsabilidad profesional y jur\u00eddica del organismo. Excepto aquellas muestras tomadas para el control interno de producci\u00f3n a intervalos aleatorios (M\u00f3dulo C2).\u00a0<\/p><p><strong>c.<\/strong> Salvo indicaci\u00f3n expresa, las muestras recibidas han sido libremente elegidas y enviadas por el solicitante, excepto aquellas muestras tomadas para el control interno de producci\u00f3n a intervalos aleatorios (M\u00f3dulo C2).\u00a0<\/p><p><strong>d.<\/strong> Es estricta responsabilidad del fabricante facilitar informaci\u00f3n concreta acerca de estos documentos y de los niveles de protecci\u00f3n comprobados.<\/p><p><strong>e.<\/strong> Se autoriza exclusivamente el uso del n\u00famero de identificaci\u00f3n de este OC en aquellos documentos en los que el Reglamento as\u00ed lo requiera (Folleto Informativo y Documentaci\u00f3n T\u00e9cnica).\u00a0<\/p><p><strong>f.<\/strong> El solicitante debe dejar de utilizar la certificaci\u00f3n en cualquier material publicitario, inmediatamente despu\u00e9s de suspender, retirar o cumplir su plazo de validez.<\/p><p><strong>g.<\/strong> Sin perjuicio de sus obligaciones respecto a las autoridades notificantes, este organismo notificado solo dar\u00e1 a conocer el contenido de estos documentos, \u00edntegramente o en parte, con el acuerdo del fabricante.\u00a0<\/p><p><strong>h.<\/strong> Este organismo no se hace responsable de la informaci\u00f3n incluida en este documento que haya sido facilitada por el solicitante y no sea apta para su comprobaci\u00f3n.<\/p><p><strong>i.<\/strong> La impresi\u00f3n de documentos emitidos en formato digital ser\u00e1 considerada una copia. S\u00f3lo si el cliente lo solicita de forma expresa, el organismo notificado podr\u00e1 proporcionar una copia autenticada, mediante firma manuscrita o electr\u00f3nica compulsada. Los documentos emitidos en formato papel, con las firmas manuscritas, se considerar\u00e1n originales. Del mismo modo, s\u00f3lo si el cliente lo solicita de forma expresa el organismo notificado puede proporcionar las copias autenticadas.\u00a0<\/p><p><strong>j.<\/strong> El organismo guarda esta documentaci\u00f3n juntamente con una muestra representativa del EPI certificado durante un periodo de diez a\u00f1os.\u00a0<\/p><p><strong>k.<\/strong> Toda reclamaci\u00f3n sobre las muestras debe realizarse en el plazo de almacenamiento de estas, eximiendo al organismo de toda responsabilidad en caso de no proceder de este modo el solicitante.\u00a0<\/p><p><strong>l.<\/strong> DOCUMENTO CONFIDENCIAL: Seg\u00fan los t\u00e9rminos acordados en el documento contractual. Queda prohibida la reproducci\u00f3n total o parcial, modificaci\u00f3n, o la utilizaci\u00f3n para fines publicitarios del contenido del presente informe, sin la aprobaci\u00f3n por escrito de Leitat.\u00a0<\/p>\t\t\t\t\t\t\t\t<\/div>\n\t\t\t\t<\/div>\n\t\t\t\t\t<\/div>\n\t\t\t\t<\/div>\n\t\t\t\t<\/div>\n\t\t","protected":false},"excerpt":{"rendered":"<p>Informe de Evaluaci\u00f3n | Cl\u00e1usulas de Responsabilidad a. Este organismo no se hace responsable en ning\u00fan caso, de la interpretaci\u00f3n o uso indebido que puedan hacerse de los documentos emitidos. b. Este documento no da fe m\u00e1s que de las muestras presentadas para su ensayo o an\u00e1lisis en este organismo, seg\u00fan las normas y\/o especificaciones [&hellip;]<\/p>\n","protected":false},"author":4,"featured_media":0,"parent":0,"menu_order":0,"comment_status":"closed","ping_status":"closed","template":"","meta":{"inline_featured_image":false,"footnotes":""},"class_list":["post-81935","page","type-page","status-publish","hentry"],"yoast_head":"<!-- This site is optimized with the Yoast SEO plugin v27.2 - https:\/\/yoast.com\/product\/yoast-seo-wordpress\/ -->\n<title>Informe de Evaluaci\u00f3n | Cl\u00e1usulas de Responsabilidad - Leitat Technological Center<\/title>\n<meta name=\"robots\" content=\"index, follow, max-snippet:-1, max-image-preview:large, max-video-preview:-1\" \/>\n<meta property=\"og:locale\" content=\"es_ES\" \/>\n<meta property=\"og:type\" content=\"article\" \/>\n<meta property=\"og:title\" content=\"Informe de Evaluaci\u00f3n | Cl\u00e1usulas de Responsabilidad - Leitat Technological Center\" \/>\n<meta property=\"og:description\" content=\"Informe de Evaluaci\u00f3n | Cl\u00e1usulas de Responsabilidad a. Este organismo no se hace responsable en ning\u00fan caso, de la interpretaci\u00f3n o uso indebido que puedan hacerse de los documentos emitidos. b. Este documento no da fe m\u00e1s que de las muestras presentadas para su ensayo o an\u00e1lisis en este organismo, seg\u00fan las normas y\/o especificaciones [&hellip;]\" \/>\n<meta property=\"og:url\" content=\"https:\/\/leitat.org\/es\/informe-de-evaluacion-clausulas-de-responsabilidad\/\" \/>\n<meta property=\"og:site_name\" content=\"Leitat Technological Center\" \/>\n<meta property=\"article:modified_time\" content=\"2026-03-11T09:56:56+00:00\" \/>\n<meta name=\"twitter:card\" content=\"summary_large_image\" \/>\n<meta name=\"twitter:label1\" content=\"Tiempo de lectura\" \/>\n\t<meta name=\"twitter:data1\" content=\"3 minutos\" \/>\n<script type=\"application\/ld+json\" class=\"yoast-schema-graph\">{\"@context\":\"https:\/\/schema.org\",\"@graph\":[{\"@type\":\"WebPage\",\"@id\":\"https:\/\/leitat.org\/es\/informe-de-evaluacion-clausulas-de-responsabilidad\/\",\"url\":\"https:\/\/leitat.org\/es\/informe-de-evaluacion-clausulas-de-responsabilidad\/\",\"name\":\"Informe de Evaluaci\u00f3n | Cl\u00e1usulas de Responsabilidad - Leitat Technological Center\",\"isPartOf\":{\"@id\":\"https:\/\/leitat.org\/es\/#website\"},\"datePublished\":\"2026-03-10T10:03:09+00:00\",\"dateModified\":\"2026-03-11T09:56:56+00:00\",\"breadcrumb\":{\"@id\":\"https:\/\/leitat.org\/es\/informe-de-evaluacion-clausulas-de-responsabilidad\/#breadcrumb\"},\"inLanguage\":\"es\",\"potentialAction\":[{\"@type\":\"ReadAction\",\"target\":[\"https:\/\/leitat.org\/es\/informe-de-evaluacion-clausulas-de-responsabilidad\/\"]}]},{\"@type\":\"BreadcrumbList\",\"@id\":\"https:\/\/leitat.org\/es\/informe-de-evaluacion-clausulas-de-responsabilidad\/#breadcrumb\",\"itemListElement\":[{\"@type\":\"ListItem\",\"position\":1,\"name\":\"HOME\",\"item\":\"https:\/\/leitat.org\/es\/home\/\"},{\"@type\":\"ListItem\",\"position\":2,\"name\":\"Informe de Evaluaci\u00f3n | Cl\u00e1usulas de Responsabilidad\"}]},{\"@type\":\"WebSite\",\"@id\":\"https:\/\/leitat.org\/es\/#website\",\"url\":\"https:\/\/leitat.org\/es\/\",\"name\":\"Leitat Technological Center\",\"description\":\"Managing Technologies\",\"publisher\":{\"@id\":\"https:\/\/leitat.org\/es\/#organization\"},\"potentialAction\":[{\"@type\":\"SearchAction\",\"target\":{\"@type\":\"EntryPoint\",\"urlTemplate\":\"https:\/\/leitat.org\/es\/?s={search_term_string}\"},\"query-input\":{\"@type\":\"PropertyValueSpecification\",\"valueRequired\":true,\"valueName\":\"search_term_string\"}}],\"inLanguage\":\"es\"},{\"@type\":\"Organization\",\"@id\":\"https:\/\/leitat.org\/es\/#organization\",\"name\":\"Leitat Technological Center\",\"url\":\"https:\/\/leitat.org\/es\/\",\"logo\":{\"@type\":\"ImageObject\",\"inLanguage\":\"es\",\"@id\":\"https:\/\/leitat.org\/es\/#\/schema\/logo\/image\/\",\"url\":\"https:\/\/leitat.org\/wp-content\/uploads\/2024\/10\/logo-leitat.svg\",\"contentUrl\":\"https:\/\/leitat.org\/wp-content\/uploads\/2024\/10\/logo-leitat.svg\",\"width\":226,\"height\":78,\"caption\":\"Leitat Technological Center\"},\"image\":{\"@id\":\"https:\/\/leitat.org\/es\/#\/schema\/logo\/image\/\"}}]}<\/script>\n<!-- \/ Yoast SEO plugin. -->","yoast_head_json":{"title":"Informe de Evaluaci\u00f3n | Cl\u00e1usulas de Responsabilidad - Leitat Technological Center","robots":{"index":"index","follow":"follow","max-snippet":"max-snippet:-1","max-image-preview":"max-image-preview:large","max-video-preview":"max-video-preview:-1"},"og_locale":"es_ES","og_type":"article","og_title":"Informe de Evaluaci\u00f3n | Cl\u00e1usulas de Responsabilidad - Leitat Technological Center","og_description":"Informe de Evaluaci\u00f3n | Cl\u00e1usulas de Responsabilidad a. Este organismo no se hace responsable en ning\u00fan caso, de la interpretaci\u00f3n o uso indebido que puedan hacerse de los documentos emitidos. b. Este documento no da fe m\u00e1s que de las muestras presentadas para su ensayo o an\u00e1lisis en este organismo, seg\u00fan las normas y\/o especificaciones [&hellip;]","og_url":"https:\/\/leitat.org\/es\/informe-de-evaluacion-clausulas-de-responsabilidad\/","og_site_name":"Leitat Technological Center","article_modified_time":"2026-03-11T09:56:56+00:00","twitter_card":"summary_large_image","twitter_misc":{"Tiempo de lectura":"3 minutos"},"schema":{"@context":"https:\/\/schema.org","@graph":[{"@type":"WebPage","@id":"https:\/\/leitat.org\/es\/informe-de-evaluacion-clausulas-de-responsabilidad\/","url":"https:\/\/leitat.org\/es\/informe-de-evaluacion-clausulas-de-responsabilidad\/","name":"Informe de Evaluaci\u00f3n | Cl\u00e1usulas de Responsabilidad - Leitat Technological Center","isPartOf":{"@id":"https:\/\/leitat.org\/es\/#website"},"datePublished":"2026-03-10T10:03:09+00:00","dateModified":"2026-03-11T09:56:56+00:00","breadcrumb":{"@id":"https:\/\/leitat.org\/es\/informe-de-evaluacion-clausulas-de-responsabilidad\/#breadcrumb"},"inLanguage":"es","potentialAction":[{"@type":"ReadAction","target":["https:\/\/leitat.org\/es\/informe-de-evaluacion-clausulas-de-responsabilidad\/"]}]},{"@type":"BreadcrumbList","@id":"https:\/\/leitat.org\/es\/informe-de-evaluacion-clausulas-de-responsabilidad\/#breadcrumb","itemListElement":[{"@type":"ListItem","position":1,"name":"HOME","item":"https:\/\/leitat.org\/es\/home\/"},{"@type":"ListItem","position":2,"name":"Informe de Evaluaci\u00f3n | Cl\u00e1usulas de Responsabilidad"}]},{"@type":"WebSite","@id":"https:\/\/leitat.org\/es\/#website","url":"https:\/\/leitat.org\/es\/","name":"Leitat Technological Center","description":"Managing Technologies","publisher":{"@id":"https:\/\/leitat.org\/es\/#organization"},"potentialAction":[{"@type":"SearchAction","target":{"@type":"EntryPoint","urlTemplate":"https:\/\/leitat.org\/es\/?s={search_term_string}"},"query-input":{"@type":"PropertyValueSpecification","valueRequired":true,"valueName":"search_term_string"}}],"inLanguage":"es"},{"@type":"Organization","@id":"https:\/\/leitat.org\/es\/#organization","name":"Leitat Technological Center","url":"https:\/\/leitat.org\/es\/","logo":{"@type":"ImageObject","inLanguage":"es","@id":"https:\/\/leitat.org\/es\/#\/schema\/logo\/image\/","url":"https:\/\/leitat.org\/wp-content\/uploads\/2024\/10\/logo-leitat.svg","contentUrl":"https:\/\/leitat.org\/wp-content\/uploads\/2024\/10\/logo-leitat.svg","width":226,"height":78,"caption":"Leitat Technological Center"},"image":{"@id":"https:\/\/leitat.org\/es\/#\/schema\/logo\/image\/"}}]}},"_links":{"self":[{"href":"https:\/\/leitat.org\/es\/wp-json\/wp\/v2\/pages\/81935","targetHints":{"allow":["GET"]}}],"collection":[{"href":"https:\/\/leitat.org\/es\/wp-json\/wp\/v2\/pages"}],"about":[{"href":"https:\/\/leitat.org\/es\/wp-json\/wp\/v2\/types\/page"}],"author":[{"embeddable":true,"href":"https:\/\/leitat.org\/es\/wp-json\/wp\/v2\/users\/4"}],"replies":[{"embeddable":true,"href":"https:\/\/leitat.org\/es\/wp-json\/wp\/v2\/comments?post=81935"}],"version-history":[{"count":10,"href":"https:\/\/leitat.org\/es\/wp-json\/wp\/v2\/pages\/81935\/revisions"}],"predecessor-version":[{"id":81974,"href":"https:\/\/leitat.org\/es\/wp-json\/wp\/v2\/pages\/81935\/revisions\/81974"}],"wp:attachment":[{"href":"https:\/\/leitat.org\/es\/wp-json\/wp\/v2\/media?parent=81935"}],"curies":[{"name":"wp","href":"https:\/\/api.w.org\/{rel}","templated":true}]}}